
{"id":2928,"date":"2019-11-12T10:10:07","date_gmt":"2019-11-12T09:10:07","guid":{"rendered":"https:\/\/www.serf.fr\/legal-notices\/"},"modified":"2020-01-27T17:41:15","modified_gmt":"2020-01-27T16:41:15","slug":"legal-notices","status":"publish","type":"page","link":"https:\/\/www.serf.fr\/en\/legal-notices\/","title":{"rendered":"Legal notices"},"content":{"rendered":"[vc_row type=&#8221;in_container&#8221; full_screen_row_position=&#8221;middle&#8221; scene_position=&#8221;center&#8221; text_color=&#8221;dark&#8221; text_align=&#8221;left&#8221; overlay_strength=&#8221;0.3&#8243; shape_divider_position=&#8221;bottom&#8221; bg_image_animation=&#8221;none&#8221;][vc_column column_padding=&#8221;padding-2-percent&#8221; column_padding_position=&#8221;all&#8221; background_color=&#8221;#ffffff&#8221; background_color_opacity=&#8221;1&#8243; background_hover_color_opacity=&#8221;1&#8243; column_link_target=&#8221;_self&#8221; column_shadow=&#8221;none&#8221; column_border_radius=&#8221;none&#8221; width=&#8221;1\/1&#8243; tablet_width_inherit=&#8221;default&#8221; tablet_text_alignment=&#8221;default&#8221; phone_text_alignment=&#8221;default&#8221; column_border_width=&#8221;none&#8221; column_border_style=&#8221;solid&#8221; bg_image_animation=&#8221;none&#8221;][vc_column_text]Website published by SERF (Menix Group) \u2013 manufacturer &#8211; having its registered office at:<\/p>\n<p>85 avenue des Bruy\u00e8res<br \/>\n69150 D\u00e9cines-Charpieu<br \/>\nFrance<\/p>\n<p>Tel.: : +33 (0)4 72 05 60 10<br \/>\nFax.: : +33 (0)4 72 02 19 18<\/p>\n<p>Email: <a href=\"mailto:serf@serf.fr\">serf@serf.fr<\/a><\/p>\n<p>SERF is a French Simplified Joint Stock Company (Soci\u00e9t\u00e9 par Actions Simplifi\u00e9e) with share capital of 1,534,150 euros, registered in the Lyon Trade and Companies Register under number B973504509.<\/p>\n<p>NF EN ISO 13485 Compliance: 2016<br \/>\nCompliance with Directive 93\/42\/EEC relating to medical devices, as amended by Directive 2007\/47\/EC.<br \/>\nCompliance with the requirements of 21 CFR Part 820.<\/p>\n<p>VAT no.: FR00973504509<\/p>\n<p>Director of Publications: Patrick Rondot, Chairman and Chief Executive Officer of Menix Group<\/p>\n<p><strong>Registered trademarks:<\/strong><\/p>\n<p>Novae, Libra, Kroma and F.A.S.T are trademarks registered by Serf.<\/p>\n<p><strong>Website hosting &amp; Graphic design:<br \/>\n<\/strong>Hosting: OVH &#8211; 2 rue Kellermann 59100 Roubaix \u2013 France<br \/>\nGraphic design: Harvest \u2013 21 rue d\u2019Alg\u00e9rie 69001 Lyon \u2013 France \/ Tel.: : +33 (0)4 82 53 39 99<\/p>\n<p><strong>Conditions for accessing the website<\/strong><\/p>\n<p>SERF manufactures and\/or distributes medical devices.<br \/>\nAs such, it is subject to compliance with Law of 29 December 2011 reinforcing the safety of medicines and health products, known as the French Sunshine Act (&#8220;Loi Bertrand&#8221;). This law prohibits any advertising of reimbursable Class II b and III medical devices to the general public.<br \/>\nAlthough this website includes no advertising material and only technical data sheets, SERF has decided to restrict access to healthcare professionals only.<\/p>\n<div id=\"confidentialite\"><\/div>\n<p><strong>Confidentiality<\/strong><\/p>\n<p>The personal data collected on this site results from the voluntary provision of information through the forms on this website. This data is collected for internal use at SERF only: the transmission of requested information, or for sending newsletters. No personal information is collected without the knowledge of site users.<br \/>\nSERF hereby undertakes to ensure that the private, personal information collected is not resold or disclosed to third parties.<br \/>\nWhen collected, users&#8217; personal data will be automatically processed and may be used to contact them.<br \/>\nFor the sake of transparency and in order to protect your rights, SERF will not collect personally identifiable information from you unless you provide it by sending us a personalised email.<br \/>\nPursuant to the provisions of Law no. 78-17 of 6 January 1978 relating to information technology, files and freedoms (French Data Protection Act); as amended by Law. no. 2004-801 of 6 August 2004 on the protection of individuals with regard to the processing of personal data, this website was the subject of a CNIL declaration no. 1338798.<br \/>\nUsers have the right to access, modify, correct and erase their personal data.<br \/>\nTo exercise these rights, send a request to SERF by email: serf@serf.fr or by post: SERF &#8211; 85 avenue des Bruy\u00e8res &#8211; 69150 D\u00e9cines-Charpieu.<\/p>\n<p><strong>Intellectual Property<\/strong><\/p>\n<p>This website is a work created by SERF, which is the author as defined in Articles L. 111.1 et seq. of the French Intellectual Property Code.<br \/>\nThe overall structure, text, logos, photographic representations, videos, downloads, drawings and any other other component of the website is the exclusive property of SERF.<br \/>\nReproductions of this website, whether in hard-copy or electronic form, are not permitted.<br \/>\nSubject to the foregoing provisions, any total or partial reproduction or representation of this website via any means whatsoever, without our express authorisation, is prohibited, and shall constitute an infringement sanctioned by Articles L. 355-2 et seq. of the French Intellectual Property Code, punishable by two years in prison and a fine of 150,000 euros.<\/p>\n<p>Users are hereby formally informed that the websites that they may access via hyperlinks do not belong to us. SERF shall not be held liable for the content provided on these websites when activating the link. Any hyperlink created by a third party linking to any of the pages or sections of this website requires our prior consent.<\/p>\n<p><strong>Non-personal data<\/strong><\/p>\n<p>We may collect information that is automatically obtained but which cannot, under any circumstances, be linked to an individual. This information relates to the internet browser, computer system and domain name used to access the website.<\/p>\n<p><strong>Limitation of liability<\/strong><\/p>\n<p>SERF shall not be held liable by the user or any other person relating to any procedure or measure that may have been taken based on the information supplied on this website, or for any indirect, special or similar damage.<\/p>\n<p>The information on this website is provided without any express or implicit guarantee regarding its accuracy, completeness, or up-to-date nature. The same applies to implicit guarantees regarding use.<\/p>\n<p>SERF also reserves the right to suspend or stop all or some of the functions of this website, or modify its content, without prior notice. Furthermore, SERF is under no obligation to update this website.<\/p>\n<p>Any reference to one of SERF&#8217;s products or services or a product or service of one of its subsidiaries that may be presented on this website in no way implies that it is or will be available in your country, where it may be subject to different regulations and conditions of use. Such reference does not imply that SERF or one of its subsidiaries intends to sell this product or service in your country. You must therefore only consider information relating to products that have been created specifically for your country.<\/p>\n<p>Links to other websites are only provided for the convenience of the user of this website. SERF has no opinion regarding the content of the pages to which these links lead. SERF shall not be held liable in this respect.<\/p>\n<p>When you visit this website, we may store cookies on your computer. Cookies do not enable us to identify you. In general, it records information about your computer&#8217;s browsing on our site (the pages you view, the date and time visited, etc.) which we can then read when you next visit the site. In this case, it contains the browsing information you have just provided us.<\/p>\n<p>Cookies have no value other than the use on the <a href=\"https:\/\/www.serf.fr\">www.serf.fr<\/a> website.<\/p>\n<p>Of course, you are free to disable the use of cookies by configuring your browser accordingly. You can also delete individual cookies at any time by following the instructions set out in your operating system&#8217;s manual.<\/p>\n<p><strong>Governing law<\/strong><\/p>\n<p>This website is exclusively governed by French domestic laws, and by international agreements applicable in France. The legal notices have been drafted in French. In the event of a dispute, the French courts shall be the courts with jurisdiction.[\/vc_column_text][\/vc_column][\/vc_row]\n","protected":false},"excerpt":{"rendered":"<p>[vc_row type=&#8221;in_container&#8221; full_screen_row_position=&#8221;middle&#8221; scene_position=&#8221;center&#8221; text_color=&#8221;dark&#8221; text_align=&#8221;left&#8221; overlay_strength=&#8221;0.3&#8243; shape_divider_position=&#8221;bottom&#8221; bg_image_animation=&#8221;none&#8221;][vc_column column_padding=&#8221;padding-2-percent&#8221; column_padding_position=&#8221;all&#8221; background_color=&#8221;#ffffff&#8221; background_color_opacity=&#8221;1&#8243; background_hover_color_opacity=&#8221;1&#8243; column_link_target=&#8221;_self&#8221; column_shadow=&#8221;none&#8221; column_border_radius=&#8221;none&#8221; width=&#8221;1\/1&#8243; tablet_width_inherit=&#8221;default&#8221; tablet_text_alignment=&#8221;default&#8221; phone_text_alignment=&#8221;default&#8221; column_border_width=&#8221;none&#8221; column_border_style=&#8221;solid&#8221; bg_image_animation=&#8221;none&#8221;][vc_column_text]Website published by SERF (Menix Group) \u2013&#8230;<\/p>\n","protected":false},"author":1,"featured_media":0,"parent":0,"menu_order":0,"comment_status":"closed","ping_status":"closed","template":"","meta":{"_acf_changed":false,"inline_featured_image":false,"footnotes":""},"class_list":["post-2928","page","type-page","status-publish"],"acf":[],"yoast_head":"<!-- This site is optimized with the Yoast SEO plugin v27.5 - https:\/\/yoast.com\/product\/yoast-seo-wordpress\/ -->\n<title>Legal notices &#8226; SERF<\/title>\n<meta name=\"robots\" content=\"index, follow, max-snippet:-1, max-image-preview:large, max-video-preview:-1\" \/>\n<link rel=\"canonical\" href=\"https:\/\/www.serf.fr\/en\/legal-notices\/\" \/>\n<meta property=\"og:locale\" content=\"en_US\" \/>\n<meta property=\"og:type\" content=\"article\" \/>\n<meta property=\"og:title\" content=\"Legal notices &#8226; SERF\" \/>\n<meta property=\"og:description\" content=\"[vc_row type=&#8221;in_container&#8221; full_screen_row_position=&#8221;middle&#8221; scene_position=&#8221;center&#8221; text_color=&#8221;dark&#8221; text_align=&#8221;left&#8221; overlay_strength=&#8221;0.3&#8243; shape_divider_position=&#8221;bottom&#8221; bg_image_animation=&#8221;none&#8221;][vc_column column_padding=&#8221;padding-2-percent&#8221; column_padding_position=&#8221;all&#8221; background_color=&#8221;#ffffff&#8221; background_color_opacity=&#8221;1&#8243; background_hover_color_opacity=&#8221;1&#8243; column_link_target=&#8221;_self&#8221; column_shadow=&#8221;none&#8221; column_border_radius=&#8221;none&#8221; width=&#8221;1\/1&#8243; tablet_width_inherit=&#8221;default&#8221; tablet_text_alignment=&#8221;default&#8221; phone_text_alignment=&#8221;default&#8221; column_border_width=&#8221;none&#8221; column_border_style=&#8221;solid&#8221; bg_image_animation=&#8221;none&#8221;][vc_column_text]Website published by SERF (Menix Group) \u2013...\" \/>\n<meta property=\"og:url\" content=\"https:\/\/www.serf.fr\/en\/legal-notices\/\" \/>\n<meta property=\"og:site_name\" content=\"SERF\" \/>\n<meta property=\"article:modified_time\" content=\"2020-01-27T16:41:15+00:00\" \/>\n<meta name=\"twitter:card\" content=\"summary_large_image\" \/>\n<meta name=\"twitter:label1\" content=\"Est. reading time\" \/>\n\t<meta name=\"twitter:data1\" content=\"6 minutes\" \/>\n<script type=\"application\/ld+json\" class=\"yoast-schema-graph\">{\"@context\":\"https:\\\/\\\/schema.org\",\"@graph\":[{\"@type\":\"WebPage\",\"@id\":\"https:\\\/\\\/www.serf.fr\\\/en\\\/legal-notices\\\/\",\"url\":\"https:\\\/\\\/www.serf.fr\\\/en\\\/legal-notices\\\/\",\"name\":\"Legal notices &#8226; SERF\",\"isPartOf\":{\"@id\":\"https:\\\/\\\/www.serf.fr\\\/en\\\/#website\"},\"datePublished\":\"2019-11-12T09:10:07+00:00\",\"dateModified\":\"2020-01-27T16:41:15+00:00\",\"breadcrumb\":{\"@id\":\"https:\\\/\\\/www.serf.fr\\\/en\\\/legal-notices\\\/#breadcrumb\"},\"inLanguage\":\"en-US\",\"potentialAction\":[{\"@type\":\"ReadAction\",\"target\":[\"https:\\\/\\\/www.serf.fr\\\/en\\\/legal-notices\\\/\"]}]},{\"@type\":\"BreadcrumbList\",\"@id\":\"https:\\\/\\\/www.serf.fr\\\/en\\\/legal-notices\\\/#breadcrumb\",\"itemListElement\":[{\"@type\":\"ListItem\",\"position\":1,\"name\":\"Home\",\"item\":\"https:\\\/\\\/www.serf.fr\\\/en\\\/\"},{\"@type\":\"ListItem\",\"position\":2,\"name\":\"Legal notices\"}]},{\"@type\":\"WebSite\",\"@id\":\"https:\\\/\\\/www.serf.fr\\\/en\\\/#website\",\"url\":\"https:\\\/\\\/www.serf.fr\\\/en\\\/\",\"name\":\"SERF\",\"description\":\"\",\"potentialAction\":[{\"@type\":\"SearchAction\",\"target\":{\"@type\":\"EntryPoint\",\"urlTemplate\":\"https:\\\/\\\/www.serf.fr\\\/en\\\/?s={search_term_string}\"},\"query-input\":{\"@type\":\"PropertyValueSpecification\",\"valueRequired\":true,\"valueName\":\"search_term_string\"}}],\"inLanguage\":\"en-US\"}]}<\/script>\n<!-- \/ Yoast SEO plugin. -->","yoast_head_json":{"title":"Legal notices &#8226; SERF","robots":{"index":"index","follow":"follow","max-snippet":"max-snippet:-1","max-image-preview":"max-image-preview:large","max-video-preview":"max-video-preview:-1"},"canonical":"https:\/\/www.serf.fr\/en\/legal-notices\/","og_locale":"en_US","og_type":"article","og_title":"Legal notices &#8226; SERF","og_description":"[vc_row type=&#8221;in_container&#8221; full_screen_row_position=&#8221;middle&#8221; scene_position=&#8221;center&#8221; text_color=&#8221;dark&#8221; text_align=&#8221;left&#8221; overlay_strength=&#8221;0.3&#8243; shape_divider_position=&#8221;bottom&#8221; bg_image_animation=&#8221;none&#8221;][vc_column column_padding=&#8221;padding-2-percent&#8221; column_padding_position=&#8221;all&#8221; background_color=&#8221;#ffffff&#8221; background_color_opacity=&#8221;1&#8243; background_hover_color_opacity=&#8221;1&#8243; column_link_target=&#8221;_self&#8221; column_shadow=&#8221;none&#8221; column_border_radius=&#8221;none&#8221; width=&#8221;1\/1&#8243; tablet_width_inherit=&#8221;default&#8221; tablet_text_alignment=&#8221;default&#8221; phone_text_alignment=&#8221;default&#8221; column_border_width=&#8221;none&#8221; column_border_style=&#8221;solid&#8221; bg_image_animation=&#8221;none&#8221;][vc_column_text]Website published by SERF (Menix Group) \u2013...","og_url":"https:\/\/www.serf.fr\/en\/legal-notices\/","og_site_name":"SERF","article_modified_time":"2020-01-27T16:41:15+00:00","twitter_card":"summary_large_image","twitter_misc":{"Est. reading time":"6 minutes"},"schema":{"@context":"https:\/\/schema.org","@graph":[{"@type":"WebPage","@id":"https:\/\/www.serf.fr\/en\/legal-notices\/","url":"https:\/\/www.serf.fr\/en\/legal-notices\/","name":"Legal notices &#8226; SERF","isPartOf":{"@id":"https:\/\/www.serf.fr\/en\/#website"},"datePublished":"2019-11-12T09:10:07+00:00","dateModified":"2020-01-27T16:41:15+00:00","breadcrumb":{"@id":"https:\/\/www.serf.fr\/en\/legal-notices\/#breadcrumb"},"inLanguage":"en-US","potentialAction":[{"@type":"ReadAction","target":["https:\/\/www.serf.fr\/en\/legal-notices\/"]}]},{"@type":"BreadcrumbList","@id":"https:\/\/www.serf.fr\/en\/legal-notices\/#breadcrumb","itemListElement":[{"@type":"ListItem","position":1,"name":"Home","item":"https:\/\/www.serf.fr\/en\/"},{"@type":"ListItem","position":2,"name":"Legal notices"}]},{"@type":"WebSite","@id":"https:\/\/www.serf.fr\/en\/#website","url":"https:\/\/www.serf.fr\/en\/","name":"SERF","description":"","potentialAction":[{"@type":"SearchAction","target":{"@type":"EntryPoint","urlTemplate":"https:\/\/www.serf.fr\/en\/?s={search_term_string}"},"query-input":{"@type":"PropertyValueSpecification","valueRequired":true,"valueName":"search_term_string"}}],"inLanguage":"en-US"}]}},"jetpack_sharing_enabled":true,"_links":{"self":[{"href":"https:\/\/www.serf.fr\/en\/wp-json\/wp\/v2\/pages\/2928","targetHints":{"allow":["GET"]}}],"collection":[{"href":"https:\/\/www.serf.fr\/en\/wp-json\/wp\/v2\/pages"}],"about":[{"href":"https:\/\/www.serf.fr\/en\/wp-json\/wp\/v2\/types\/page"}],"author":[{"embeddable":true,"href":"https:\/\/www.serf.fr\/en\/wp-json\/wp\/v2\/users\/1"}],"replies":[{"embeddable":true,"href":"https:\/\/www.serf.fr\/en\/wp-json\/wp\/v2\/comments?post=2928"}],"version-history":[{"count":0,"href":"https:\/\/www.serf.fr\/en\/wp-json\/wp\/v2\/pages\/2928\/revisions"}],"wp:attachment":[{"href":"https:\/\/www.serf.fr\/en\/wp-json\/wp\/v2\/media?parent=2928"}],"curies":[{"name":"wp","href":"https:\/\/api.w.org\/{rel}","templated":true}]}}