
{"id":2856,"date":"2019-11-03T16:33:42","date_gmt":"2019-11-03T15:33:42","guid":{"rendered":"https:\/\/www.serf.fr\/cgv-serf-2\/"},"modified":"2019-12-13T10:11:59","modified_gmt":"2019-12-13T09:11:59","slug":"cgv-serf","status":"publish","type":"page","link":"https:\/\/www.serf.fr\/it\/cgv-serf\/","title":{"rendered":"CGV Serf"},"content":{"rendered":"[vc_row type=&#8221;full_width_content&#8221; full_screen_row_position=&#8221;middle&#8221; equal_height=&#8221;yes&#8221; content_placement=&#8221;middle&#8221; scene_position=&#8221;center&#8221; text_color=&#8221;dark&#8221; text_align=&#8221;left&#8221; overlay_strength=&#8221;0.3&#8243; shape_divider_position=&#8221;bottom&#8221; bg_image_animation=&#8221;none&#8221; shape_type=&#8221;&#8221;][vc_column centered_text=&#8221;true&#8221; column_padding=&#8221;padding-3-percent&#8221; column_padding_position=&#8221;all&#8221; background_color_opacity=&#8221;1&#8243; background_hover_color_opacity=&#8221;1&#8243; background_image=&#8221;50&#8243; enable_bg_scale=&#8221;true&#8221; column_link_target=&#8221;_self&#8221; column_shadow=&#8221;none&#8221; column_border_radius=&#8221;none&#8221; width=&#8221;1\/3&#8243; tablet_width_inherit=&#8221;default&#8221; tablet_text_alignment=&#8221;default&#8221; phone_text_alignment=&#8221;default&#8221; column_border_width=&#8221;none&#8221; column_border_style=&#8221;solid&#8221; bg_image_animation=&#8221;none&#8221; enable_animation=&#8221;true&#8221; animation=&#8221;fade-in-from-right&#8221; delay=&#8221;50&#8243;][nectar_icon icon_family=&#8221;linea&#8221; icon_style=&#8221;default&#8221; icon_color=&#8221;Extra-Color-1&#8243; icon_padding=&#8221;20px&#8221; icon_linea=&#8221;icon-basic-sheet-pen&#8221; icon_size=&#8221;80&#8243;][\/vc_column][vc_column column_padding=&#8221;padding-3-percent&#8221; column_padding_position=&#8221;all&#8221; background_color=&#8221;#373942&#8243; background_color_opacity=&#8221;0.7&#8243; background_hover_color_opacity=&#8221;1&#8243; background_image=&#8221;476&#8243; font_color=&#8221;#ffffff&#8221; column_link_target=&#8221;_self&#8221; column_shadow=&#8221;small_depth&#8221; column_border_radius=&#8221;none&#8221; el_class=&#8221;geoBottom&#8221; width=&#8221;2\/3&#8243; tablet_width_inherit=&#8221;default&#8221; tablet_text_alignment=&#8221;default&#8221; phone_text_alignment=&#8221;default&#8221; column_border_width=&#8221;none&#8221; column_border_style=&#8221;solid&#8221; bg_image_animation=&#8221;none&#8221; enable_animation=&#8221;true&#8221; animation=&#8221;fade-in-from-right&#8221; delay=&#8221;100&#8243;][vc_column_text]\n<h1>CONDIZIONI GENERALI<br \/>\n<em>DI VENDITA<\/em><\/h1>\n[\/vc_column_text][\/vc_column][\/vc_row][vc_row type=&#8221;in_container&#8221; full_screen_row_position=&#8221;middle&#8221; bg_color=&#8221;#ffffff&#8221; scene_position=&#8221;center&#8221; text_color=&#8221;dark&#8221; text_align=&#8221;left&#8221; overlay_strength=&#8221;0.3&#8243; shape_divider_position=&#8221;bottom&#8221; bg_image_animation=&#8221;none&#8221; shape_type=&#8221;&#8221;][vc_column column_padding=&#8221;padding-3-percent&#8221; column_padding_position=&#8221;all&#8221; background_color_opacity=&#8221;1&#8243; background_hover_color_opacity=&#8221;1&#8243; column_link_target=&#8221;_self&#8221; column_shadow=&#8221;none&#8221; column_border_radius=&#8221;none&#8221; width=&#8221;1\/1&#8243; tablet_width_inherit=&#8221;default&#8221; tablet_text_alignment=&#8221;default&#8221; phone_text_alignment=&#8221;default&#8221; column_border_width=&#8221;none&#8221; column_border_style=&#8221;solid&#8221; bg_image_animation=&#8221;none&#8221;][vc_column_text]\n<p class=\"p1\">ARTICOLO 1 \u2013 DEFINIZIONI<\/p>\n<p class=\"p1\">\u00abPRODOTTI\u00bb: i dispositivi e i servizi medici commercializzati da SERF.<\/p>\n<p class=\"p1\">\u00abSERF\u00bb: la SOCIETE D\u2019ETUDES DE RECHERCHES ET DE FABRICATION S.A.S., 85 avenue des Bruy\u00e8res \u2013 69150 D\u00e9cines-Charpieu (Francia).<\/p>\n<p class=\"p1\">\u00abCLIENTE\u00bb: qualsiasi persona fisica o giuridica che inoltra un ordine a SERF, che si tratti o meno dell\u2019utilizzatore finale dei PRODOTTI.<\/p>\n<p class=\"p1\">ARTICOLO 2 \u2013 OGGETTO<\/p>\n<p class=\"p1\">Il presente documento stipula tra SERF e il CLIENTE i termini e le condizioni in base ai quali SERF si impegna a vendere i PRODOTTI al CLIENTE e con cui il CLIENTE si impegna, accettandoli senza riserve, ad acquistare i PRODOTTI alle condizioni (\u201cCGV\u201d) appresso definite.<\/p>\n<p class=\"p1\">ARTICOLO 3 \u2013 ORDINI<\/p>\n<p class=\"p1\">Gli ordini sono definitivi non appena vengono trasmessi, con qualsiasi mezzo, a SERF. La vendita sar\u00e0 considerata valida solo al momento dell&#8217;accettazione scritta di ogni ordine da parte di SERF o al pi\u00f9 tardi al momento della consegna dei PRODOTTI al CLIENTE. Il beneficio dell&#8217;ordine \u00e8 personale per il CLIENTE e non pu\u00f2 essere ceduto senza il consenso preliminare di SERF.<\/p>\n<p class=\"p1\">ARTICOLO 4 &#8211; SPEDIZIONE &#8211; CONSEGNA &#8211; RICEVIMENTO<\/p>\n<p class=\"p1\">I PRODOTTI, siano essi di vendita o di magazzinaggio, viaggiano a rischio e pericolo del CLIENTE anche se spediti franco destino. SERF declina ogni responsabilit\u00e0 per eventuali alterazioni, perdite o danni verificatisi durante il trasporto. La consegna avviene sia mediante rimessa diretta dei PRODOTTI al CLIENTE, sia mediante rimessa ad un trasportatore nei locali di SERF. La consegna avviene sia mediante rimessa diretta dei PRODOTTI al CLIENTE, sia mediante rimessa ad un trasportatore nei locali di SERF. SERF ha il diritto di effettuare consegne totali o parziali. I tempi di consegna sono forniti a titolo puramente indicativo e si basano sulle possibilit\u00e0 di approvvigionamento e trasporto di SERF. Il superamento dei tempi di consegna non pu\u00f2 dar luogo al risarcimento di danni, a trattenute o all\u2019annullamento degli ordini in corso. SERF declina ogni responsabilit\u00e0 per eventuali ritardi o mancate consegne. SERF \u00e8 esonerata dall&#8217;obbligo di eseguire gli ordini in presenza di eventi di forza maggiore. Il ricevimento \u00e8 attestato dalla firma della bolla di consegna da parte del CLIENTE. Il CLIENTE deve controllare i PRODOTTI consegnati all&#8217;arrivo e, all\u2019occorrenza, emettere eventuali riserve in caso di danni o ammanchi nelle forme e nei termini previsti dall&#8217;articolo L.133-3 del Codice di Commercio francese. \u00c8 responsabilit\u00e0 del CLIENTE comunicare, a mezzo lettera raccomandata, al trasportatore che ha effettuato la consegna, qualsiasi danno o ammanco constatati all&#8217;arrivo, entro tre giorni dal ricevimento dei PRODOTTI, conformemente all&#8217;articolo L. 133-3 del Codice di Commercio francese, e in generale esercitare eventuali ricorsi contro il trasportatore. In assenza di tali riserve, la responsabilit\u00e0 di SERF non pu\u00f2 essere messa in discussione. Ferma restando la clausola di riserva di propriet\u00e0 di seguito riportata, tutti i rischi di perdita e deterioramento dei PRODOTTI venduti, nonch\u00e9 tutti i danni da essi causati, sono trasferiti al CLIENTE a partire dalla data di consegna dei PRODOTTI.<\/p>\n<p class=\"p1\">ARTICOLO 5 &#8211; PREZZI<\/p>\n<p class=\"p1\">In mancanza di un accordo esplicito e scritto, i prezzi dei PRODOTTI riportati sulla documentazione di SERF sono forniti a titolo puramente indicativo, essendo la fatturazione sempre stabilita sulla base dei prezzi in vigore il giorno della spedizione e, per alcuni PRODOTTI, al prezzo determinato dalle disposizioni legislative e\/o regolamentari ad essi applicabili. Le condizioni indicate nelle fatture proforma emesse da SERF sono valide per un (1) mese. I prezzi si intendono IVA esclusa, franco fabbrica \u201cEx Works\u201d D\u00e9cines-Charpieu (Incoterms\u00ae 2010), pi\u00f9 IVA al tasso legale. Ogni imposta, tassa, dazio o altro emolumento dovuto ai sensi della normativa francese e comunitaria, o di un paese importatore o di transito, \u00e8 a carico del CLIENTE.<\/p>\n<p class=\"p1\">ARTICOLO 6 &#8211; PAGAMENTO &#8211; PENALIT\u00c0 DI MORA<\/p>\n<p class=\"p1\">Ad ogni consegna verr\u00e0 emessa e consegnata una fattura. Le fatture devono essere pagate presso la sede di SERF. Le fatture emesse da SERF sono pagabili a qualsiasi professionista che esercita su base individuale ed entro trenta (30) giorni dalla fine del mese successivo alla data di consegna dei PRODOTTI per gli altri CLIENTI. Non sono concessi sconti in caso di pagamento anticipato. L&#8217;importo delle fatture non pu\u00f2 in nessun caso essere ridotto dal CLIENTE per eventuali somme che gli siano dovute da SERF. In caso di pagamento differito o a termine, ai sensi del presente articolo costituisce un pagamento, non la semplice consegna di un effetto commerciale o di un assegno, che comporta l&#8217;obbligo di pagamento, ma la loro effettiva liquidazione alla data di scadenza convenuta. In nessun caso eventuali reclami del CLIENTE possono avere l&#8217;effetto di ritardare o sospendere i pagamenti. In caso di ritardato pagamento, SERF potr\u00e0 sospendere tutti gli ordini pendenti fino a che il CLIENTE non abbia pagato tutti gli importi dovuti, con riserva di ogni altra via di ricorso. Qualsiasi ritardo di pagamento comporta automaticamente e di diritto l&#8217;applicazione, a titolo di penale, a decorrere dalla data di scadenza indicata su ciascuna fattura, di penali di mora pari al tasso d&#8217;interesse legale maggiorato di 7 punti base pi\u00f9, in conformit\u00e0 con il Codice di Commercio francese (art. L441-6), un indennizzo forfettario di 40 euro per le spese di recupero del credito. Oltre all\u2019indennizzo fissa di 40 euro, debitamente comprovato, tutte le spese sostenute per il recupero contenzioso delle somme dovute dal CLIENTE sono a carico di quest\u2019ultimo.<\/p>\n<p class=\"p1\">ARTICOLO 7 &#8211; RISERVA DI PROPRIET\u00c0<\/p>\n<p class=\"p1\">SERF mantiene la piena propriet\u00e0 dei PRODOTTI fino al completo pagamento del prezzo, delle spese e delle imposte. In caso di mancato pagamento alla data di scadenza o nel caso in cui il CLIENTE sia sottoposto a procedura di amministrazione controllata o liquidazione prima dell&#8217;intero pagamento, SERF si riserva il diritto di richiedere la restituzione dei PRODOTTI, a mezzo lettera raccomandata con ricevuta di ritorno, alle condizioni previste dagli articoli 1599 e 2279 del Codice Civile francese. SERF e il suo trasportatore sono autorizzati ad entrare nei locali dove si trovano i PRODOTTI durante l&#8217;orario di lavoro del CLIENTE per ritirarli. Di conseguenza, (1) in caso di ritiro dei PRODOTTI, gli acconti versati dal CLIENTE rimarranno definitivamente acquisiti da SERF, (2) il CLIENTE dovr\u00e0 assicurare i PRODOTTI consegnati al loro valore di sostituzione a nuovo contro i rischi di perdita, deterioramento, distruzione e furto e tenere informata SERF di eventuali misure adottate da terzi in relazione ai PRODOTTI, in particolare in caso di sequestro, e (3) in caso di rivendita e\/o trasformazione dei PRODOTTI consegnati, il CLIENTE si impegna, alla prima richiesta di SERF, a cedere tutti o parte dei crediti acquisiti sugli acquirenti per un importo pari alle somme dovute. Queste disposizioni non impediscono, dal momento della rimessa dei PRODOTTI da parte di SERF al vettore o spedizioniere, di trasferire al CLIENTE i rischi di perdita o deterioramento dei PRODOTTI soggetti a riserva di propriet\u00e0, nonch\u00e9 dei danni che possono causare.<\/p>\n<p class=\"p1\">ARTICOLO 8 &#8211; GARANZIA &#8211; RECLAMI SULLA QUALIT\u00c0 &#8211; LIMITAZIONI DI RESPONSABILIT\u00c0<\/p>\n<p class=\"p1\">SERF garantisce che i PRODOTTI consegnati sono conformi alla normativa vigente e alle specifiche indicate nelle istruzioni durante il periodo di validit\u00e0 dei PRODOTTI forniti, a condizione che siano state rispettate le condizioni di conservazione e di utilizzo dei PRODOTTI. Qualsiasi reclamo relativo alla qualit\u00e0 dei PRODOTTI consegnati deve essere immediatamente comunicato a SERF. \u00c8 responsabilit\u00e0 del CLIENTE fornire ogni giustificazione circa la realt\u00e0 delle sue pretese. L&#8217;eventuale contestazione della qualit\u00e0 dei PRODOTTI non esonera il CLIENTE dal pagamento del prezzo dovuto alla data di scadenza. SERF non fornisce alcuna garanzia esplicita o implicita che l&#8217;uso dei PRODOTTI sia conforme ad un uso particolare. La responsabilit\u00e0 di SERF si limita in ogni caso alla sostituzione o alla riparazione dell&#8217;apparecchiatura riconosciuta difettosa; SERF non sar\u00e0 in nessun caso responsabile, nell\u2019ambito di un&#8217;istanza di responsabilit\u00e0 contrattuale, da fatto illecito o di qualsiasi altra azione, per qualsiasi danno diretto o indiretto, incidente o accessorio, o di qualsiasi natura, o per qualsiasi danno, inclusi, ma non limitativamente, i danni finanziari e commerciali, come la perdita di profitti, di fatturato, di clientela o di dati, derivante dall&#8217;uso dei PRODOTTI.<\/p>\n<p class=\"p1\">ARTICOLO 9 &#8211; RESTITUZIONE DEI PRODOTTI<\/p>\n<p class=\"p1\">Fatta eccezione per i reclami relativi alla qualit\u00e0 dei PRODOTTI, la restituzione di un PRODOTTO, e segnatamente la restituzione di un PRODOTTO per un errore nell&#8217;ordine del CLIENTE, deve essere oggetto di un accordo formale scritto tra SERF e il CLIENTE. Dopo l&#8217;accordo di SERF, i PRODOTTI restituiti devono essere accompagnati da un Modulo di Reso, precedentemente fornito da SERF al CLIENTE, e devono essere restituiti integralmente a SERF nelle stesse condizioni in cui sono stati consegnati, non aperti e conservati nella loro confezione originale. I PRODOTTI saranno inviati a SERF solo mediante un vettore incaricato da SERF a tale scopo. Nessun reso di PRODOTTO pu\u00f2 essere accettato da SERF su semplice iniziativa del CLIENTE.<\/p>\n<p class=\"p1\">ARTICOLO 10 &#8211; MARCHI E PROPRIET\u00c0 INTELLETTUALE &#8211; USO DEI PRODOTTI &#8211; RIVENDITA DI PRODOTTI<\/p>\n<p class=\"p1\">SERF e tutti i segni e le denominazioni distintivi utilizzati sui PRODOTTI sono marchi registrati il cui uso non \u00e8 concesso al CLIENTE dal presente contratto.. Le presenti CGV non implicano alcuna concessione di licenze di brevetto o di altri diritti di propriet\u00e0 industriale o diritti di commercializzazione e\/o distribuzione da SERF al CLIENTE sui PRODOTTI ceduti. Gli studi, i progetti, i disegni o i documenti presentati o inviati da SERF al CLIENTE rimangono di propriet\u00e0 di SERF e non possono essere comunicati a terzi. Il CLIENTE si impegna a rispettare tutte le leggi, i regolamenti e\/o le direttive applicabili all&#8217;uso dei PRODOTTI. Il CLIENTE certifica che l&#8217;uso dei PRODOTTI \u00e8 di sua esclusiva responsabilit\u00e0 e che la responsabilit\u00e0 di SERF non \u00e8 in nessun caso in questione per eventuali reclami, danni o perdite che possono derivare dall&#8217;uso dei PRODOTTI da parte del CLIENTE. Qualsiasi rivendita di PRODOTTI deve essere sottoposta al consenso preliminare di SERF.<\/p>\n<p class=\"p1\">ARTICOLO 11 &#8211; VIGILANZA SUI DISPOSITIVI MEDICI E TRACCIABILIT\u00c0<\/p>\n<p class=\"p1\">In considerazione degli specifici vincoli normativi applicabili in particolare ai dispositivi medici, fatte salve le disposizioni del Codice della Salute Pubblica francese, il CLIENTE si impegna a: (1) garantire la piena tracciabilit\u00e0 dei dispositivi medici per i quali SERF emette un numero di lotto o un numero di serie, (2) segnalare senza indugio qualsiasi incidente o malfunzionamento che possa incidere sulla sicurezza e\/o la salute dei pazienti o del personale, (3) attenersi alle istruzioni impartite da SERF o da qualsiasi ente pubblico in relazione ai PRODOTTI o al loro uso. L&#8217;accettazione della consegna implica l&#8217;accettazione incondizionata di questi tre impegni.<\/p>\n<p class=\"p1\">ARTICOLO 12 &#8211; PROTEZIONE DEI DATI PERSONALI<\/p>\n<p class=\"p1\">Tutte le informazioni raccolte relative al CLIENTE sono necessarie per l&#8217;esecuzione del contratto di vendita dei PRODOTTI (ordine, spedizione, consegna, ricevimento, tracciabilit\u00e0). SERF si impegna a rispettare la riservatezza dei dati personali e delle informazioni comunicate dal CLIENTE e a trattarli in conformit\u00e0 con la legge francese sulla protezione dei dati del 6 gennaio 1978 e successive modifiche. SERF informa che tali dati saranno utilizzati dai suoi servizi essenzialmente per l&#8217;esecuzione del contratto di vendita dei PRODOTTI. Il CLIENTE pu\u00f2 in qualsiasi momento esercitare il suo diritto di accesso al fascicolo e il suo diritto di rettificare o cancellare le informazioni che lo riguardano facendone richiesta (indicando il suo indirizzo e-mail, cognome, nome, indirizzo postale) per posta al seguente indirizzo: SERF, 85 av. des Bruy\u00e8res, 69150 D\u00e9cines-Charpieu.<\/p>\n<p class=\"p1\">ARTICOLO 13 &#8211; APPLICAZIONE &#8211; AMBITO DI APPLICAZIONE E ATTRIBUZIONE DELLA COMPETENZA GIURISDIZIONALE<\/p>\n<p class=\"p1\">Il fatto di effettuare un ordine e\/o accettare i PRODOTTI ordinati implica l&#8217;accettazione definitiva, completa e senza riserve da parte del CLIENTE delle presenti CGV. Le Condizioni Generali di Vendita di SERF in vigore sono quelle che figurano sulle ultime fatture emesse da SERF e\/o, all\u2019occorrenza, su quelle inviate direttamente da SERF al CLIENTE. In caso di discrepanza tra le disposizioni della presente edizione cartacea delle CGV e quelle di un&#8217;altra edizione, prevarranno le disposizioni dell&#8217;edizione pi\u00f9 recente. Le presenti CGV prevalgono sulle condizioni che possono apparire sui documenti del CLIENTE e sono applicabili a tutte le vendite SERF in Francia e all&#8217;estero. Qualsiasi condizione contraria pretesa dal CLIENTE, in assenza di espressa accettazione, sar\u00e0 inapplicabile nei confronti della SERF, indipendentemente dal momento in cui sia stata portata alla sua attenzione. Eventuali aggiunte, cancellature, modifiche o soppressioni sulle presenti CGV non approvate da SERF sono nulle. Nessuna condizione particolare o Condizione Generale di Acquisto del CLIENTE pu\u00f2, se non formalmente accettata per iscritto da SERF, prevalere sulle presenti CGV. Il fatto che SERF non si avvalga in un dato momento di una qualsiasi clausola delle presenti CGV non potr\u00e0 essere interpretato come una rinuncia ad avvalersene successivamente. In caso di accordi contrattuali specifici tra SERF e il CLIENTE, tali accordi possono derogare a determinate disposizioni delle presenti CGV, tuttavia le altre disposizioni rimangono applicabili ove non contrarie. Le presenti CGV sono disciplinate dalla legge francese. Tutte le controversie relative alle presenti CGV saranno sottoposte al Tribunale di Commercio di Lione.<\/p>\n<p class=\"p1\">D\u00e9cines-Charpieu, 20 maggio 2016<\/p>\n[\/vc_column_text][\/vc_column][\/vc_row]\n","protected":false},"excerpt":{"rendered":"<p>[vc_row type=&#8221;full_width_content&#8221; full_screen_row_position=&#8221;middle&#8221; equal_height=&#8221;yes&#8221; content_placement=&#8221;middle&#8221; scene_position=&#8221;center&#8221; text_color=&#8221;dark&#8221; text_align=&#8221;left&#8221; overlay_strength=&#8221;0.3&#8243; shape_divider_position=&#8221;bottom&#8221; bg_image_animation=&#8221;none&#8221; shape_type=&#8221;&#8221;][vc_column centered_text=&#8221;true&#8221; column_padding=&#8221;padding-3-percent&#8221; column_padding_position=&#8221;all&#8221; background_color_opacity=&#8221;1&#8243; background_hover_color_opacity=&#8221;1&#8243; background_image=&#8221;50&#8243; enable_bg_scale=&#8221;true&#8221; column_link_target=&#8221;_self&#8221; column_shadow=&#8221;none&#8221; column_border_radius=&#8221;none&#8221; width=&#8221;1\/3&#8243; tablet_width_inherit=&#8221;default&#8221; tablet_text_alignment=&#8221;default&#8221; phone_text_alignment=&#8221;default&#8221; column_border_width=&#8221;none&#8221; column_border_style=&#8221;solid&#8221; bg_image_animation=&#8221;none&#8221; enable_animation=&#8221;true&#8221;&#8230;<\/p>\n","protected":false},"author":1,"featured_media":0,"parent":0,"menu_order":0,"comment_status":"closed","ping_status":"closed","template":"","meta":{"_acf_changed":false,"inline_featured_image":false,"footnotes":""},"class_list":["post-2856","page","type-page","status-publish"],"acf":[],"yoast_head":"<!-- This site is optimized with the Yoast SEO plugin v27.5 - https:\/\/yoast.com\/product\/yoast-seo-wordpress\/ -->\n<title>CGV Serf &#8226; SERF<\/title>\n<meta name=\"robots\" content=\"index, follow, max-snippet:-1, max-image-preview:large, max-video-preview:-1\" \/>\n<link rel=\"canonical\" href=\"https:\/\/www.serf.fr\/it\/cgv-serf\/\" \/>\n<meta property=\"og:locale\" content=\"it_IT\" \/>\n<meta property=\"og:type\" content=\"article\" \/>\n<meta property=\"og:title\" content=\"CGV Serf &#8226; SERF\" \/>\n<meta property=\"og:description\" content=\"[vc_row type=&#8221;full_width_content&#8221; full_screen_row_position=&#8221;middle&#8221; equal_height=&#8221;yes&#8221; content_placement=&#8221;middle&#8221; scene_position=&#8221;center&#8221; text_color=&#8221;dark&#8221; text_align=&#8221;left&#8221; overlay_strength=&#8221;0.3&#8243; shape_divider_position=&#8221;bottom&#8221; bg_image_animation=&#8221;none&#8221; shape_type=&#8221;&#8221;][vc_column centered_text=&#8221;true&#8221; column_padding=&#8221;padding-3-percent&#8221; column_padding_position=&#8221;all&#8221; background_color_opacity=&#8221;1&#8243; background_hover_color_opacity=&#8221;1&#8243; background_image=&#8221;50&#8243; enable_bg_scale=&#8221;true&#8221; column_link_target=&#8221;_self&#8221; column_shadow=&#8221;none&#8221; column_border_radius=&#8221;none&#8221; width=&#8221;1\/3&#8243; tablet_width_inherit=&#8221;default&#8221; tablet_text_alignment=&#8221;default&#8221; phone_text_alignment=&#8221;default&#8221; column_border_width=&#8221;none&#8221; column_border_style=&#8221;solid&#8221; bg_image_animation=&#8221;none&#8221; enable_animation=&#8221;true&#8221;...\" \/>\n<meta property=\"og:url\" content=\"https:\/\/www.serf.fr\/it\/cgv-serf\/\" \/>\n<meta property=\"og:site_name\" content=\"SERF\" \/>\n<meta property=\"article:modified_time\" content=\"2019-12-13T09:11:59+00:00\" \/>\n<meta name=\"twitter:card\" content=\"summary_large_image\" \/>\n<meta name=\"twitter:label1\" content=\"Tempo di lettura stimato\" \/>\n\t<meta name=\"twitter:data1\" content=\"12 minuti\" \/>\n<script type=\"application\/ld+json\" class=\"yoast-schema-graph\">{\"@context\":\"https:\\\/\\\/schema.org\",\"@graph\":[{\"@type\":\"WebPage\",\"@id\":\"https:\\\/\\\/www.serf.fr\\\/it\\\/cgv-serf\\\/\",\"url\":\"https:\\\/\\\/www.serf.fr\\\/it\\\/cgv-serf\\\/\",\"name\":\"CGV Serf &#8226; SERF\",\"isPartOf\":{\"@id\":\"https:\\\/\\\/www.serf.fr\\\/it\\\/#website\"},\"datePublished\":\"2019-11-03T15:33:42+00:00\",\"dateModified\":\"2019-12-13T09:11:59+00:00\",\"breadcrumb\":{\"@id\":\"https:\\\/\\\/www.serf.fr\\\/it\\\/cgv-serf\\\/#breadcrumb\"},\"inLanguage\":\"it-IT\",\"potentialAction\":[{\"@type\":\"ReadAction\",\"target\":[\"https:\\\/\\\/www.serf.fr\\\/it\\\/cgv-serf\\\/\"]}]},{\"@type\":\"BreadcrumbList\",\"@id\":\"https:\\\/\\\/www.serf.fr\\\/it\\\/cgv-serf\\\/#breadcrumb\",\"itemListElement\":[{\"@type\":\"ListItem\",\"position\":1,\"name\":\"Home\",\"item\":\"https:\\\/\\\/www.serf.fr\\\/it\\\/\"},{\"@type\":\"ListItem\",\"position\":2,\"name\":\"CGV Serf\"}]},{\"@type\":\"WebSite\",\"@id\":\"https:\\\/\\\/www.serf.fr\\\/it\\\/#website\",\"url\":\"https:\\\/\\\/www.serf.fr\\\/it\\\/\",\"name\":\"SERF\",\"description\":\"\",\"potentialAction\":[{\"@type\":\"SearchAction\",\"target\":{\"@type\":\"EntryPoint\",\"urlTemplate\":\"https:\\\/\\\/www.serf.fr\\\/it\\\/?s={search_term_string}\"},\"query-input\":{\"@type\":\"PropertyValueSpecification\",\"valueRequired\":true,\"valueName\":\"search_term_string\"}}],\"inLanguage\":\"it-IT\"}]}<\/script>\n<!-- \/ Yoast SEO plugin. -->","yoast_head_json":{"title":"CGV Serf &#8226; SERF","robots":{"index":"index","follow":"follow","max-snippet":"max-snippet:-1","max-image-preview":"max-image-preview:large","max-video-preview":"max-video-preview:-1"},"canonical":"https:\/\/www.serf.fr\/it\/cgv-serf\/","og_locale":"it_IT","og_type":"article","og_title":"CGV Serf &#8226; SERF","og_description":"[vc_row type=&#8221;full_width_content&#8221; full_screen_row_position=&#8221;middle&#8221; equal_height=&#8221;yes&#8221; content_placement=&#8221;middle&#8221; scene_position=&#8221;center&#8221; text_color=&#8221;dark&#8221; text_align=&#8221;left&#8221; overlay_strength=&#8221;0.3&#8243; shape_divider_position=&#8221;bottom&#8221; bg_image_animation=&#8221;none&#8221; shape_type=&#8221;&#8221;][vc_column centered_text=&#8221;true&#8221; column_padding=&#8221;padding-3-percent&#8221; column_padding_position=&#8221;all&#8221; background_color_opacity=&#8221;1&#8243; background_hover_color_opacity=&#8221;1&#8243; background_image=&#8221;50&#8243; enable_bg_scale=&#8221;true&#8221; column_link_target=&#8221;_self&#8221; column_shadow=&#8221;none&#8221; column_border_radius=&#8221;none&#8221; width=&#8221;1\/3&#8243; tablet_width_inherit=&#8221;default&#8221; tablet_text_alignment=&#8221;default&#8221; phone_text_alignment=&#8221;default&#8221; column_border_width=&#8221;none&#8221; column_border_style=&#8221;solid&#8221; bg_image_animation=&#8221;none&#8221; enable_animation=&#8221;true&#8221;...","og_url":"https:\/\/www.serf.fr\/it\/cgv-serf\/","og_site_name":"SERF","article_modified_time":"2019-12-13T09:11:59+00:00","twitter_card":"summary_large_image","twitter_misc":{"Tempo di lettura stimato":"12 minuti"},"schema":{"@context":"https:\/\/schema.org","@graph":[{"@type":"WebPage","@id":"https:\/\/www.serf.fr\/it\/cgv-serf\/","url":"https:\/\/www.serf.fr\/it\/cgv-serf\/","name":"CGV Serf &#8226; SERF","isPartOf":{"@id":"https:\/\/www.serf.fr\/it\/#website"},"datePublished":"2019-11-03T15:33:42+00:00","dateModified":"2019-12-13T09:11:59+00:00","breadcrumb":{"@id":"https:\/\/www.serf.fr\/it\/cgv-serf\/#breadcrumb"},"inLanguage":"it-IT","potentialAction":[{"@type":"ReadAction","target":["https:\/\/www.serf.fr\/it\/cgv-serf\/"]}]},{"@type":"BreadcrumbList","@id":"https:\/\/www.serf.fr\/it\/cgv-serf\/#breadcrumb","itemListElement":[{"@type":"ListItem","position":1,"name":"Home","item":"https:\/\/www.serf.fr\/it\/"},{"@type":"ListItem","position":2,"name":"CGV Serf"}]},{"@type":"WebSite","@id":"https:\/\/www.serf.fr\/it\/#website","url":"https:\/\/www.serf.fr\/it\/","name":"SERF","description":"","potentialAction":[{"@type":"SearchAction","target":{"@type":"EntryPoint","urlTemplate":"https:\/\/www.serf.fr\/it\/?s={search_term_string}"},"query-input":{"@type":"PropertyValueSpecification","valueRequired":true,"valueName":"search_term_string"}}],"inLanguage":"it-IT"}]}},"jetpack_sharing_enabled":true,"_links":{"self":[{"href":"https:\/\/www.serf.fr\/it\/wp-json\/wp\/v2\/pages\/2856","targetHints":{"allow":["GET"]}}],"collection":[{"href":"https:\/\/www.serf.fr\/it\/wp-json\/wp\/v2\/pages"}],"about":[{"href":"https:\/\/www.serf.fr\/it\/wp-json\/wp\/v2\/types\/page"}],"author":[{"embeddable":true,"href":"https:\/\/www.serf.fr\/it\/wp-json\/wp\/v2\/users\/1"}],"replies":[{"embeddable":true,"href":"https:\/\/www.serf.fr\/it\/wp-json\/wp\/v2\/comments?post=2856"}],"version-history":[{"count":0,"href":"https:\/\/www.serf.fr\/it\/wp-json\/wp\/v2\/pages\/2856\/revisions"}],"wp:attachment":[{"href":"https:\/\/www.serf.fr\/it\/wp-json\/wp\/v2\/media?parent=2856"}],"curies":[{"name":"wp","href":"https:\/\/api.w.org\/{rel}","templated":true}]}}