
{"id":2890,"date":"2019-11-04T18:31:45","date_gmt":"2019-11-04T17:31:45","guid":{"rendered":"https:\/\/www.serf.fr\/note-legali\/"},"modified":"2020-01-27T17:41:55","modified_gmt":"2020-01-27T16:41:55","slug":"note-legali","status":"publish","type":"page","link":"https:\/\/www.serf.fr\/it\/note-legali\/","title":{"rendered":"Note legali"},"content":{"rendered":"[vc_row type=&#8221;in_container&#8221; full_screen_row_position=&#8221;middle&#8221; scene_position=&#8221;center&#8221; text_color=&#8221;dark&#8221; text_align=&#8221;left&#8221; overlay_strength=&#8221;0.3&#8243; shape_divider_position=&#8221;bottom&#8221; bg_image_animation=&#8221;none&#8221;][vc_column column_padding=&#8221;padding-2-percent&#8221; column_padding_position=&#8221;all&#8221; background_color=&#8221;#ffffff&#8221; background_color_opacity=&#8221;1&#8243; background_hover_color_opacity=&#8221;1&#8243; column_link_target=&#8221;_self&#8221; column_shadow=&#8221;none&#8221; column_border_radius=&#8221;none&#8221; width=&#8221;1\/1&#8243; tablet_width_inherit=&#8221;default&#8221; tablet_text_alignment=&#8221;default&#8221; phone_text_alignment=&#8221;default&#8221; column_border_width=&#8221;none&#8221; column_border_style=&#8221;solid&#8221; bg_image_animation=&#8221;none&#8221;][vc_column_text]Sito pubblicato da SERF (Gruppo Menix) &#8211; produttore &#8211; con sede in:<\/p>\n<p>85 avenue des Bruy\u00e8res<br \/>\n69150 D\u00e9cines-Charpieu<br \/>\nFrancia<\/p>\n<p>Tel. : +33 (0)4 72 05 60 10<br \/>\nFax. : +33 (0)4 72 02 19 18<\/p>\n<p>E-mail: <a href=\"mailto:serf@serf.fr\">serf@serf.fr<\/a><\/p>\n<p>SERF \u00e8 una societ\u00e0 per azioni semplificata con capitale di 1.534.150 euro, iscritta al Registro del Commercio e delle Societ\u00e0 di Lione con il numero B973504509.<\/p>\n<p>Conformit\u00e0 NF EN ISO 13485: 2016<br \/>\nConformit\u00e0 alla direttiva 93\/42\/CEE sui dispositivi medicali, modificata dalla direttiva 2007\/47\/CE.<br \/>\nConformit\u00e0 ai requisiti del 21 CFR Parte 820.<\/p>\n<p>Partita IVA: FR00973504509<\/p>\n<p>Direttore della pubblicazione: Patrick Rondot, presidente e amministratore delegato del Gruppo Menix<\/p>\n<p><strong>Marchi registrati:<\/strong><\/p>\n<p>Novae, Libra, Kroma e F.A.S.T. sono marchi registrati di Serf.<\/p>\n<p><strong>Hosting del sito e progettazione grafica:<br \/>\n<\/strong>Hosting: OVH &#8211; 2 rue Kellermann 59100 Roubaix \u2013 Francia<br \/>\nProgettazione grafica: Harvest \u2013 21 rue d\u2019Alg\u00e9rie 69001 Lione \u2013 Francia \/ Tel. : +33 (0)4 82 53 39 99<\/p>\n<p><strong>Condizioni di accesso al sito<\/strong><\/p>\n<p>SERF produce e\/o distribuisce dispositivi medicali.<br \/>\n\u00c8 soggetta pertanto alla legge del 29 dicembre 2011 sul rafforzamento della sicurezza sanitaria dei farmaci e dei prodotti sanitari, nota come Legge Bertrand, che vieta qualsiasi pubblicit\u00e0 dei dispositivi medicali di classe II b e III rimborsabili al grande pubblico.<br \/>\nSebbene il sito non presenti documenti pubblicitari ma solo schede tecniche, SERF ha deciso di limitarne l&#8217;accesso solo agli operatori sanitari.<\/p>\n<div id=\"confidentialite\"><\/div>\n<p><strong>Riservatezza<\/strong><\/p>\n<p>I dati personali raccolti sul sito provengono dalla comunicazione volontaria di informazioni attraverso i moduli ivi presenti. I dati sono raccolti esclusivamente per l\u2019uso interno di SERF: comunicazione delle informazioni richieste o gestione dell&#8217;invio della newsletter. Nessuna informazione personale viene raccolta senza che l&#8217;utente del sito ne sia a conoscenza.<br \/>\nSERF si impegna a non rivendere o divulgare a terzi i dati personali privati raccolti.<br \/>\nI dati personali dell&#8217;utente, non appena raccolti, saranno trattati in forma automatizzata e potranno essere utilizzati per contattarlo.<br \/>\nAi fini della trasparenza e della tutela dei diritti dell&#8217;utente, SERF non raccoglier\u00e0 dati che consentano l&#8217;identificazione personale, a meno che l&#8217;utente non li fornisca inviandoci una specifica e-mail.<br \/>\nConformemente alle disposizioni della legge francese n. 78-17 del 6 gennaio 1978, relativa all&#8217;informatica, agli archivi e alle libert\u00e0, modificata dalla legge n. 2004-801 del 6 agosto 2004 sulla tutela dei dati personali delle persone fisiche, questo sito \u00e8 stato dichiarato alla CNIL con il numero 1338798.<br \/>\nL&#8217;utente ha il diritto di accesso, modifica, rettifica e cancellazione dei dati personali che lo riguardano.<br \/>\nPer esercitare tale diritto, contattare SERF inviando una richiesta via e-mail: serf@serf.fr o al seguente indirizzo: SERF \u2013 85 avenue des Bruy\u00e8res \u2013 69150 D\u00e9cines-Charpieu.<\/p>\n<p><strong>Propriet\u00e0 intellettuale<\/strong><\/p>\n<p>Questo sito costituisce un&#8217;opera di cui SERF \u00e8 autore, ai sensi degli articoli L. 111.1 e seguenti del Codice della propriet\u00e0 intellettuale francese.<br \/>\nLa struttura generale, i testi, i loghi, le rappresentazioni fotografiche, i video, i documenti scaricabili, i disegni e qualsiasi altro elemento che lo compongono sono di esclusiva propriet\u00e0 di SERF.<br \/>\nNon \u00e8 autorizzata nessuna riproduzione, su supporto cartaceo o elettronico, del sito.<br \/>\nFatte salve le disposizioni di cui sopra, qualsiasi riproduzione o rappresentazione, totale o parziale, con qualsiasi mezzo, del sito senza la nostra espressa autorizzazione \u00e8 vietata e costituirebbe una violazione sanzionata dagli articoli L. 355-2 e seguenti del Codice della propriet\u00e0 intellettuale francese, punibile con due anni di reclusione e una multa di 150.000 euro.<\/p>\n<p>Gli utenti sono espressamente informati che i siti ai quali possono accedere tramite link ipertestuali non ci appartengono. SERF declina ogni responsabilit\u00e0 in merito al contenuto delle informazioni fornite su tali siti attraverso l&#8217;attivazione del link. Qualsiasi creazione da parte di terzi di un collegamento ipertestuale a una qualsiasi delle pagine o frame di questo sito richiede il nostro consenso preliminare.<\/p>\n<p><strong>Dati non personali<\/strong><\/p>\n<p>Possiamo ottenere informazioni automaticamente ma che tuttavia non possono, in nessun caso, essere associate a una persona. Queste informazioni includono il tipo di browser Internet utilizzato dall\u2019utente, il sistema operativo del computer e il nome del dominio attraverso il quale si accede al nostro sito.<\/p>\n<p><strong>Limitazione di responsabilit\u00e0<\/strong><\/p>\n<p>SERF non pu\u00f2 essere ritenuta responsabile dall&#8217;utente o da chiunque altro per eventuali procedure o misure adottate sulla base delle informazioni fornite su questo sito web o per eventuali danni indiretti, particolari o simili.<\/p>\n<p>Le informazioni contenute in questo sito web sono fornite senza alcuna garanzia (esplicita o implicita) circa la loro accuratezza, completezza, specificit\u00e0 ed esaustivit\u00e0. Lo stesso dicasi per le garanzie implicite relative all&#8217;uso.<\/p>\n<p>SERF si riserva inoltre il diritto di interrompere o bloccare in tutto o in parte le funzionalit\u00e0 di questo sito web o di modificarne il contenuto senza preavviso. SERF non ha l&#8217;obbligo di aggiornare questo sito web.<\/p>\n<p>Qualsiasi riferimento a un prodotto o servizio di SERF o di una delle sue consociate citato sul sito non implica che esso sia o sar\u00e0 disponibile nel paese dell\u2019utente, dove pu\u00f2 essere soggetto a normative e condizioni d&#8217;uso diverse. L\u2019eventuale riferimento non implica l\u2019intenzione di SERF o delle sue consociate di vendere tale prodotto o servizio nel paese dell\u2019utente. Spetta quindi all\u2019utente fare affidamento solo sulle informazioni relative ai prodotti creati appositamente per il suo paese.<\/p>\n<p>I link ad altri siti web sono forniti esclusivamente per agevolare la consultazione del sito. SERF non esprime alcun parere sul contenuto delle pagine a cui rimandano tali link. SERF declina ogni responsabilit\u00e0 in merito.<\/p>\n<p>Durante la visita di questo sito possono essere rilasciati dei cookie sul computer dell\u2019utente. Un cookie non consente di identificare l\u2019utente. In generale, registra le informazioni relative alla navigazione del computer sul nostro sito (le pagine visitate, la data e l&#8217;ora della visita, ecc.) che potranno essere lette in occasione delle visite successive dell\u2019utente. In particolare, contiene le informazioni di navigazione che sono state appena fornite dall\u2019utente.<\/p>\n<p>I cookie non hanno nessun significato al di fuori del loro utilizzo sul sito web <a href=\"https:\/\/www.serf.fr\">www.serf.fr<\/a>.<\/p>\n<p>Naturalmente \u00e8 possibile impedire la registrazione dei cookie configurando opportunamente il proprio browser. \u00c8 inoltre possibile cancellare i cookie in qualsiasi momento e singolarmente riportandosi al manuale d&#8217;uso del sistema operativo.<\/p>\n<p><strong>Legge applicabile<\/strong><\/p>\n<p>Questo sito \u00e8 disciplinato esclusivamente dal diritto nazionale francese e dalle convenzioni internazionali applicabili in Francia. La lingua ufficiale delle note legali \u00e8 il francese. In caso di controversia, i tribunali francesi hanno la competenza esclusiva.[\/vc_column_text][\/vc_column][\/vc_row]\n","protected":false},"excerpt":{"rendered":"<p>[vc_row type=&#8221;in_container&#8221; full_screen_row_position=&#8221;middle&#8221; scene_position=&#8221;center&#8221; text_color=&#8221;dark&#8221; text_align=&#8221;left&#8221; overlay_strength=&#8221;0.3&#8243; shape_divider_position=&#8221;bottom&#8221; bg_image_animation=&#8221;none&#8221;][vc_column column_padding=&#8221;padding-2-percent&#8221; column_padding_position=&#8221;all&#8221; background_color=&#8221;#ffffff&#8221; background_color_opacity=&#8221;1&#8243; background_hover_color_opacity=&#8221;1&#8243; column_link_target=&#8221;_self&#8221; column_shadow=&#8221;none&#8221; column_border_radius=&#8221;none&#8221; width=&#8221;1\/1&#8243; tablet_width_inherit=&#8221;default&#8221; tablet_text_alignment=&#8221;default&#8221; phone_text_alignment=&#8221;default&#8221; column_border_width=&#8221;none&#8221; column_border_style=&#8221;solid&#8221; bg_image_animation=&#8221;none&#8221;][vc_column_text]Sito pubblicato da SERF (Gruppo Menix) &#8211;&#8230;<\/p>\n","protected":false},"author":1,"featured_media":0,"parent":0,"menu_order":0,"comment_status":"closed","ping_status":"closed","template":"","meta":{"_acf_changed":false,"inline_featured_image":false,"footnotes":""},"class_list":["post-2890","page","type-page","status-publish"],"acf":[],"yoast_head":"<!-- This site is optimized with the Yoast SEO plugin v27.5 - https:\/\/yoast.com\/product\/yoast-seo-wordpress\/ -->\n<title>Note legali &#8226; SERF<\/title>\n<meta name=\"robots\" content=\"index, follow, max-snippet:-1, max-image-preview:large, max-video-preview:-1\" \/>\n<link rel=\"canonical\" href=\"https:\/\/www.serf.fr\/it\/note-legali\/\" \/>\n<meta property=\"og:locale\" content=\"it_IT\" \/>\n<meta property=\"og:type\" content=\"article\" \/>\n<meta property=\"og:title\" content=\"Note legali &#8226; SERF\" \/>\n<meta property=\"og:description\" content=\"[vc_row type=&#8221;in_container&#8221; full_screen_row_position=&#8221;middle&#8221; scene_position=&#8221;center&#8221; text_color=&#8221;dark&#8221; text_align=&#8221;left&#8221; overlay_strength=&#8221;0.3&#8243; shape_divider_position=&#8221;bottom&#8221; bg_image_animation=&#8221;none&#8221;][vc_column column_padding=&#8221;padding-2-percent&#8221; column_padding_position=&#8221;all&#8221; background_color=&#8221;#ffffff&#8221; background_color_opacity=&#8221;1&#8243; background_hover_color_opacity=&#8221;1&#8243; column_link_target=&#8221;_self&#8221; column_shadow=&#8221;none&#8221; column_border_radius=&#8221;none&#8221; width=&#8221;1\/1&#8243; tablet_width_inherit=&#8221;default&#8221; tablet_text_alignment=&#8221;default&#8221; phone_text_alignment=&#8221;default&#8221; column_border_width=&#8221;none&#8221; column_border_style=&#8221;solid&#8221; bg_image_animation=&#8221;none&#8221;][vc_column_text]Sito pubblicato da SERF (Gruppo Menix) &#8211;...\" \/>\n<meta property=\"og:url\" content=\"https:\/\/www.serf.fr\/it\/note-legali\/\" \/>\n<meta property=\"og:site_name\" content=\"SERF\" \/>\n<meta property=\"article:modified_time\" content=\"2020-01-27T16:41:55+00:00\" \/>\n<meta name=\"twitter:card\" content=\"summary_large_image\" \/>\n<meta name=\"twitter:label1\" content=\"Tempo di lettura stimato\" \/>\n\t<meta name=\"twitter:data1\" content=\"5 minuti\" \/>\n<script type=\"application\/ld+json\" class=\"yoast-schema-graph\">{\"@context\":\"https:\\\/\\\/schema.org\",\"@graph\":[{\"@type\":\"WebPage\",\"@id\":\"https:\\\/\\\/www.serf.fr\\\/it\\\/note-legali\\\/\",\"url\":\"https:\\\/\\\/www.serf.fr\\\/it\\\/note-legali\\\/\",\"name\":\"Note legali &#8226; SERF\",\"isPartOf\":{\"@id\":\"https:\\\/\\\/www.serf.fr\\\/it\\\/#website\"},\"datePublished\":\"2019-11-04T17:31:45+00:00\",\"dateModified\":\"2020-01-27T16:41:55+00:00\",\"breadcrumb\":{\"@id\":\"https:\\\/\\\/www.serf.fr\\\/it\\\/note-legali\\\/#breadcrumb\"},\"inLanguage\":\"it-IT\",\"potentialAction\":[{\"@type\":\"ReadAction\",\"target\":[\"https:\\\/\\\/www.serf.fr\\\/it\\\/note-legali\\\/\"]}]},{\"@type\":\"BreadcrumbList\",\"@id\":\"https:\\\/\\\/www.serf.fr\\\/it\\\/note-legali\\\/#breadcrumb\",\"itemListElement\":[{\"@type\":\"ListItem\",\"position\":1,\"name\":\"Home\",\"item\":\"https:\\\/\\\/www.serf.fr\\\/it\\\/\"},{\"@type\":\"ListItem\",\"position\":2,\"name\":\"Note legali\"}]},{\"@type\":\"WebSite\",\"@id\":\"https:\\\/\\\/www.serf.fr\\\/it\\\/#website\",\"url\":\"https:\\\/\\\/www.serf.fr\\\/it\\\/\",\"name\":\"SERF\",\"description\":\"\",\"potentialAction\":[{\"@type\":\"SearchAction\",\"target\":{\"@type\":\"EntryPoint\",\"urlTemplate\":\"https:\\\/\\\/www.serf.fr\\\/it\\\/?s={search_term_string}\"},\"query-input\":{\"@type\":\"PropertyValueSpecification\",\"valueRequired\":true,\"valueName\":\"search_term_string\"}}],\"inLanguage\":\"it-IT\"}]}<\/script>\n<!-- \/ Yoast SEO plugin. -->","yoast_head_json":{"title":"Note legali &#8226; SERF","robots":{"index":"index","follow":"follow","max-snippet":"max-snippet:-1","max-image-preview":"max-image-preview:large","max-video-preview":"max-video-preview:-1"},"canonical":"https:\/\/www.serf.fr\/it\/note-legali\/","og_locale":"it_IT","og_type":"article","og_title":"Note legali &#8226; SERF","og_description":"[vc_row type=&#8221;in_container&#8221; full_screen_row_position=&#8221;middle&#8221; scene_position=&#8221;center&#8221; text_color=&#8221;dark&#8221; text_align=&#8221;left&#8221; overlay_strength=&#8221;0.3&#8243; shape_divider_position=&#8221;bottom&#8221; bg_image_animation=&#8221;none&#8221;][vc_column column_padding=&#8221;padding-2-percent&#8221; column_padding_position=&#8221;all&#8221; background_color=&#8221;#ffffff&#8221; background_color_opacity=&#8221;1&#8243; background_hover_color_opacity=&#8221;1&#8243; column_link_target=&#8221;_self&#8221; column_shadow=&#8221;none&#8221; column_border_radius=&#8221;none&#8221; width=&#8221;1\/1&#8243; tablet_width_inherit=&#8221;default&#8221; tablet_text_alignment=&#8221;default&#8221; phone_text_alignment=&#8221;default&#8221; column_border_width=&#8221;none&#8221; column_border_style=&#8221;solid&#8221; bg_image_animation=&#8221;none&#8221;][vc_column_text]Sito pubblicato da SERF (Gruppo Menix) &#8211;...","og_url":"https:\/\/www.serf.fr\/it\/note-legali\/","og_site_name":"SERF","article_modified_time":"2020-01-27T16:41:55+00:00","twitter_card":"summary_large_image","twitter_misc":{"Tempo di lettura stimato":"5 minuti"},"schema":{"@context":"https:\/\/schema.org","@graph":[{"@type":"WebPage","@id":"https:\/\/www.serf.fr\/it\/note-legali\/","url":"https:\/\/www.serf.fr\/it\/note-legali\/","name":"Note legali &#8226; SERF","isPartOf":{"@id":"https:\/\/www.serf.fr\/it\/#website"},"datePublished":"2019-11-04T17:31:45+00:00","dateModified":"2020-01-27T16:41:55+00:00","breadcrumb":{"@id":"https:\/\/www.serf.fr\/it\/note-legali\/#breadcrumb"},"inLanguage":"it-IT","potentialAction":[{"@type":"ReadAction","target":["https:\/\/www.serf.fr\/it\/note-legali\/"]}]},{"@type":"BreadcrumbList","@id":"https:\/\/www.serf.fr\/it\/note-legali\/#breadcrumb","itemListElement":[{"@type":"ListItem","position":1,"name":"Home","item":"https:\/\/www.serf.fr\/it\/"},{"@type":"ListItem","position":2,"name":"Note legali"}]},{"@type":"WebSite","@id":"https:\/\/www.serf.fr\/it\/#website","url":"https:\/\/www.serf.fr\/it\/","name":"SERF","description":"","potentialAction":[{"@type":"SearchAction","target":{"@type":"EntryPoint","urlTemplate":"https:\/\/www.serf.fr\/it\/?s={search_term_string}"},"query-input":{"@type":"PropertyValueSpecification","valueRequired":true,"valueName":"search_term_string"}}],"inLanguage":"it-IT"}]}},"jetpack_sharing_enabled":true,"_links":{"self":[{"href":"https:\/\/www.serf.fr\/it\/wp-json\/wp\/v2\/pages\/2890","targetHints":{"allow":["GET"]}}],"collection":[{"href":"https:\/\/www.serf.fr\/it\/wp-json\/wp\/v2\/pages"}],"about":[{"href":"https:\/\/www.serf.fr\/it\/wp-json\/wp\/v2\/types\/page"}],"author":[{"embeddable":true,"href":"https:\/\/www.serf.fr\/it\/wp-json\/wp\/v2\/users\/1"}],"replies":[{"embeddable":true,"href":"https:\/\/www.serf.fr\/it\/wp-json\/wp\/v2\/comments?post=2890"}],"version-history":[{"count":0,"href":"https:\/\/www.serf.fr\/it\/wp-json\/wp\/v2\/pages\/2890\/revisions"}],"wp:attachment":[{"href":"https:\/\/www.serf.fr\/it\/wp-json\/wp\/v2\/media?parent=2890"}],"curies":[{"name":"wp","href":"https:\/\/api.w.org\/{rel}","templated":true}]}}