
{"id":2908,"date":"2019-09-18T18:04:13","date_gmt":"2019-11-10T17:29:54","guid":{"rendered":"https:\/\/www.serf.fr\/non%20class\u00e9\/strumentazione-ibrida\/"},"modified":"2019-12-18T15:07:56","modified_gmt":"2019-12-18T14:07:56","slug":"ibrido","status":"publish","type":"product","link":"https:\/\/www.serf.fr\/it\/professionale\/ginocchio\/ibrido\/","title":{"rendered":"<i>Strumentazione <\/i>IBRIDA"},"content":{"rendered":"","protected":false},"excerpt":{"rendered":"<p>La strumentazione di UNI KROMA<strong><sup>\u00ae<\/sup><\/strong> ha l&#8217;originalit\u00e0 e la particolarit\u00e0 di essere <b>IBRIDA<\/b>.<\/p>\n<p>La sua composizione \u00e8 <b>semplice e compatta<\/b> e offre numerose possibilit\u00e0.<\/p>\n<p><i>La strumentazione di UNI KROMA<strong><sup>\u00ae<\/sup><\/strong><\/i> <i>\u00e8 prodotta da<\/i> <i>OneOrtho<\/i> <i>Medical<\/i><i>. SERF ne assicura la distribuzione.<\/i><\/p>\n","protected":false},"featured_media":2903,"template":"","meta":{"_acf_changed":false,"inline_featured_image":false},"product_brand":[],"product_cat":[56],"product_tag":[],"class_list":{"0":"post-2908","1":"product","2":"type-product","3":"status-publish","4":"has-post-thumbnail","5":"product_cat-ginocchio","7":"first","8":"instock","9":"shipping-taxable","10":"product-type-simple"},"acf":[],"yoast_head":"<!-- This site is optimized with the Yoast SEO plugin v27.5 - https:\/\/yoast.com\/product\/yoast-seo-wordpress\/ -->\n<title>Strumentazione IBRIDA &#8226; SERF<\/title>\n<meta name=\"robots\" content=\"index, follow, max-snippet:-1, max-image-preview:large, max-video-preview:-1\" \/>\n<link rel=\"canonical\" href=\"https:\/\/www.serf.fr\/it\/professionale\/ginocchio\/ibrido\/\" \/>\n<meta property=\"og:locale\" content=\"it_IT\" \/>\n<meta property=\"og:type\" content=\"article\" \/>\n<meta property=\"og:title\" content=\"Strumentazione IBRIDA &#8226; SERF\" \/>\n<meta property=\"og:description\" content=\"La strumentazione di UNI KROMA\u00ae ha l&#039;originalit\u00e0 e la particolarit\u00e0 di essere IBRIDA.  La sua composizione \u00e8 semplice e compatta e offre numerose possibilit\u00e0.  La strumentazione di UNI KROMA\u00ae \u00e8 prodotta da OneOrtho Medical. SERF ne assicura la distribuzione.\" \/>\n<meta property=\"og:url\" content=\"https:\/\/www.serf.fr\/it\/professionale\/ginocchio\/ibrido\/\" \/>\n<meta property=\"og:site_name\" content=\"SERF\" \/>\n<meta property=\"article:modified_time\" content=\"2019-12-18T14:07:56+00:00\" \/>\n<meta property=\"og:image\" content=\"https:\/\/www.serf.fr\/wp-content\/uploads\/instrumentation_UniKroma.jpg\" \/>\n\t<meta property=\"og:image:width\" content=\"990\" \/>\n\t<meta property=\"og:image:height\" content=\"1024\" \/>\n\t<meta property=\"og:image:type\" content=\"image\/jpeg\" \/>\n<meta name=\"twitter:card\" content=\"summary_large_image\" \/>\n<script type=\"application\/ld+json\" class=\"yoast-schema-graph\">{\"@context\":\"https:\\\/\\\/schema.org\",\"@graph\":[{\"@type\":\"WebPage\",\"@id\":\"https:\\\/\\\/www.serf.fr\\\/it\\\/professionale\\\/ginocchio\\\/ibrido\\\/\",\"url\":\"https:\\\/\\\/www.serf.fr\\\/it\\\/professionale\\\/ginocchio\\\/ibrido\\\/\",\"name\":\"Strumentazione IBRIDA &#8226; SERF\",\"isPartOf\":{\"@id\":\"https:\\\/\\\/www.serf.fr\\\/it\\\/#website\"},\"primaryImageOfPage\":{\"@id\":\"https:\\\/\\\/www.serf.fr\\\/it\\\/professionale\\\/ginocchio\\\/ibrido\\\/#primaryimage\"},\"image\":{\"@id\":\"https:\\\/\\\/www.serf.fr\\\/it\\\/professionale\\\/ginocchio\\\/ibrido\\\/#primaryimage\"},\"thumbnailUrl\":\"https:\\\/\\\/www.serf.fr\\\/wp-content\\\/uploads\\\/instrumentation_UniKroma.jpg\",\"datePublished\":\"2019-11-10T17:29:54+00:00\",\"dateModified\":\"2019-12-18T14:07:56+00:00\",\"breadcrumb\":{\"@id\":\"https:\\\/\\\/www.serf.fr\\\/it\\\/professionale\\\/ginocchio\\\/ibrido\\\/#breadcrumb\"},\"inLanguage\":\"it-IT\",\"potentialAction\":[{\"@type\":\"ReadAction\",\"target\":[\"https:\\\/\\\/www.serf.fr\\\/it\\\/professionale\\\/ginocchio\\\/ibrido\\\/\"]}]},{\"@type\":\"ImageObject\",\"inLanguage\":\"it-IT\",\"@id\":\"https:\\\/\\\/www.serf.fr\\\/it\\\/professionale\\\/ginocchio\\\/ibrido\\\/#primaryimage\",\"url\":\"https:\\\/\\\/www.serf.fr\\\/wp-content\\\/uploads\\\/instrumentation_UniKroma.jpg\",\"contentUrl\":\"https:\\\/\\\/www.serf.fr\\\/wp-content\\\/uploads\\\/instrumentation_UniKroma.jpg\",\"width\":990,\"height\":1024,\"caption\":\"Strumentazione IBRIDA\"},{\"@type\":\"BreadcrumbList\",\"@id\":\"https:\\\/\\\/www.serf.fr\\\/it\\\/professionale\\\/ginocchio\\\/ibrido\\\/#breadcrumb\",\"itemListElement\":[{\"@type\":\"ListItem\",\"position\":1,\"name\":\"Home\",\"item\":\"https:\\\/\\\/www.serf.fr\\\/it\\\/\"},{\"@type\":\"ListItem\",\"position\":2,\"name\":\"Boutique\",\"item\":\"https:\\\/\\\/www.serf.fr\\\/?page_id=4\"},{\"@type\":\"ListItem\",\"position\":3,\"name\":\"Strumentazione IBRIDA\"}]},{\"@type\":\"WebSite\",\"@id\":\"https:\\\/\\\/www.serf.fr\\\/it\\\/#website\",\"url\":\"https:\\\/\\\/www.serf.fr\\\/it\\\/\",\"name\":\"SERF\",\"description\":\"\",\"potentialAction\":[{\"@type\":\"SearchAction\",\"target\":{\"@type\":\"EntryPoint\",\"urlTemplate\":\"https:\\\/\\\/www.serf.fr\\\/it\\\/?s={search_term_string}\"},\"query-input\":{\"@type\":\"PropertyValueSpecification\",\"valueRequired\":true,\"valueName\":\"search_term_string\"}}],\"inLanguage\":\"it-IT\"}]}<\/script>\n<!-- \/ Yoast SEO plugin. -->","yoast_head_json":{"title":"Strumentazione IBRIDA &#8226; SERF","robots":{"index":"index","follow":"follow","max-snippet":"max-snippet:-1","max-image-preview":"max-image-preview:large","max-video-preview":"max-video-preview:-1"},"canonical":"https:\/\/www.serf.fr\/it\/professionale\/ginocchio\/ibrido\/","og_locale":"it_IT","og_type":"article","og_title":"Strumentazione IBRIDA &#8226; SERF","og_description":"La strumentazione di UNI KROMA\u00ae ha l'originalit\u00e0 e la particolarit\u00e0 di essere IBRIDA.  La sua composizione \u00e8 semplice e compatta e offre numerose possibilit\u00e0.  La strumentazione di UNI KROMA\u00ae \u00e8 prodotta da OneOrtho Medical. SERF ne assicura la distribuzione.","og_url":"https:\/\/www.serf.fr\/it\/professionale\/ginocchio\/ibrido\/","og_site_name":"SERF","article_modified_time":"2019-12-18T14:07:56+00:00","og_image":[{"width":990,"height":1024,"url":"https:\/\/www.serf.fr\/wp-content\/uploads\/instrumentation_UniKroma.jpg","type":"image\/jpeg"}],"twitter_card":"summary_large_image","schema":{"@context":"https:\/\/schema.org","@graph":[{"@type":"WebPage","@id":"https:\/\/www.serf.fr\/it\/professionale\/ginocchio\/ibrido\/","url":"https:\/\/www.serf.fr\/it\/professionale\/ginocchio\/ibrido\/","name":"Strumentazione IBRIDA &#8226; SERF","isPartOf":{"@id":"https:\/\/www.serf.fr\/it\/#website"},"primaryImageOfPage":{"@id":"https:\/\/www.serf.fr\/it\/professionale\/ginocchio\/ibrido\/#primaryimage"},"image":{"@id":"https:\/\/www.serf.fr\/it\/professionale\/ginocchio\/ibrido\/#primaryimage"},"thumbnailUrl":"https:\/\/www.serf.fr\/wp-content\/uploads\/instrumentation_UniKroma.jpg","datePublished":"2019-11-10T17:29:54+00:00","dateModified":"2019-12-18T14:07:56+00:00","breadcrumb":{"@id":"https:\/\/www.serf.fr\/it\/professionale\/ginocchio\/ibrido\/#breadcrumb"},"inLanguage":"it-IT","potentialAction":[{"@type":"ReadAction","target":["https:\/\/www.serf.fr\/it\/professionale\/ginocchio\/ibrido\/"]}]},{"@type":"ImageObject","inLanguage":"it-IT","@id":"https:\/\/www.serf.fr\/it\/professionale\/ginocchio\/ibrido\/#primaryimage","url":"https:\/\/www.serf.fr\/wp-content\/uploads\/instrumentation_UniKroma.jpg","contentUrl":"https:\/\/www.serf.fr\/wp-content\/uploads\/instrumentation_UniKroma.jpg","width":990,"height":1024,"caption":"Strumentazione IBRIDA"},{"@type":"BreadcrumbList","@id":"https:\/\/www.serf.fr\/it\/professionale\/ginocchio\/ibrido\/#breadcrumb","itemListElement":[{"@type":"ListItem","position":1,"name":"Home","item":"https:\/\/www.serf.fr\/it\/"},{"@type":"ListItem","position":2,"name":"Boutique","item":"https:\/\/www.serf.fr\/?page_id=4"},{"@type":"ListItem","position":3,"name":"Strumentazione IBRIDA"}]},{"@type":"WebSite","@id":"https:\/\/www.serf.fr\/it\/#website","url":"https:\/\/www.serf.fr\/it\/","name":"SERF","description":"","potentialAction":[{"@type":"SearchAction","target":{"@type":"EntryPoint","urlTemplate":"https:\/\/www.serf.fr\/it\/?s={search_term_string}"},"query-input":{"@type":"PropertyValueSpecification","valueRequired":true,"valueName":"search_term_string"}}],"inLanguage":"it-IT"}]}},"jetpack_sharing_enabled":true,"_links":{"self":[{"href":"https:\/\/www.serf.fr\/it\/wp-json\/wp\/v2\/product\/2908","targetHints":{"allow":["GET"]}}],"collection":[{"href":"https:\/\/www.serf.fr\/it\/wp-json\/wp\/v2\/product"}],"about":[{"href":"https:\/\/www.serf.fr\/it\/wp-json\/wp\/v2\/types\/product"}],"wp:featuredmedia":[{"embeddable":true,"href":"https:\/\/www.serf.fr\/it\/wp-json\/wp\/v2\/media\/2903"}],"wp:attachment":[{"href":"https:\/\/www.serf.fr\/it\/wp-json\/wp\/v2\/media?parent=2908"}],"wp:term":[{"taxonomy":"product_brand","embeddable":true,"href":"https:\/\/www.serf.fr\/it\/wp-json\/wp\/v2\/product_brand?post=2908"},{"taxonomy":"product_cat","embeddable":true,"href":"https:\/\/www.serf.fr\/it\/wp-json\/wp\/v2\/product_cat?post=2908"},{"taxonomy":"product_tag","embeddable":true,"href":"https:\/\/www.serf.fr\/it\/wp-json\/wp\/v2\/product_tag?post=2908"}],"curies":[{"name":"wp","href":"https:\/\/api.w.org\/{rel}","templated":true}]}}