
{"id":3115,"date":"2019-09-27T10:36:52","date_gmt":"2019-09-27T08:36:52","guid":{"rendered":"https:\/\/www.serf.fr\/professionnel\/senza%20categoria\/pianificazione\/"},"modified":"2021-02-22T23:20:59","modified_gmt":"2021-02-22T22:20:59","slug":"pianificazione","status":"publish","type":"product","link":"https:\/\/www.serf.fr\/it\/professionale\/anca\/pianificazione\/","title":{"rendered":"<em>Software di pianificazione<\/em> SERF"},"content":{"rendered":"","protected":false},"excerpt":{"rendered":"<p>SERF propone un sistema di <strong>pianificazione 2D<\/strong> accessibile tramite una piattaforma web. Per poter pianificare la propria PTH SERF non \u00e8 necessario scaricare nessun software e non ci sono costi di installazione n\u00e9 di esercizio. Questa soluzione offre la possibilit\u00e0 di selezionare e posizionare gli impianti senza distorsioni di proiezione.<\/p>\n<p>Disponibile in francese, il nostro software di pianificazione ha un&#8217;<strong>interfaccia di aiuto integrata, facile da usare, reattiva<\/strong> e <strong>multipiattaforma<\/strong>.<\/p>\n<p>Il sistema funziona con <strong>PC<\/strong> o <strong>Mac<\/strong> e dispone della radiografia del paziente con indicatore di dimensione.<\/p>\n<p style=\"text-align: center;\"><span class=\"apple-converted-space\"><a class=\"nectar-button n-sc-button large extra-color-2 regular-button\" target=\"_blank\" href=\"http:\/\/serf-digital-solutions.com\/login\" data-color-override=\"false\" data-hover-color-override=\"false\" data-hover-text-color-override=\"#fff\"><span>ISCRIVITI E INIZIA LA PIANIFICAZIONE<br \/>\nLA TUA THA \u00c8 IMMEDIATAMENTE<\/span><\/a><\/span><\/p>\n","protected":false},"featured_media":3119,"template":"","meta":{"_acf_changed":false,"inline_featured_image":false},"product_brand":[],"product_cat":[57],"product_tag":[],"class_list":{"0":"post-3115","1":"product","2":"type-product","3":"status-publish","4":"has-post-thumbnail","5":"product_cat-anca","7":"first","8":"instock","9":"shipping-taxable","10":"product-type-simple"},"acf":[],"yoast_head":"<!-- This site is optimized with the Yoast SEO plugin v27.5 - https:\/\/yoast.com\/product\/yoast-seo-wordpress\/ -->\n<title>Software di pianificazione SERF &#8226; SERF<\/title>\n<meta name=\"robots\" content=\"index, follow, max-snippet:-1, max-image-preview:large, max-video-preview:-1\" \/>\n<link rel=\"canonical\" href=\"https:\/\/www.serf.fr\/it\/professionale\/anca\/pianificazione\/\" \/>\n<meta property=\"og:locale\" content=\"it_IT\" \/>\n<meta property=\"og:type\" content=\"article\" \/>\n<meta property=\"og:title\" content=\"Software di pianificazione SERF &#8226; SERF\" \/>\n<meta property=\"og:description\" content=\"SERF propone un sistema di pianificazione 2D accessibile tramite una piattaforma web. Per poter pianificare la propria PTH SERF non \u00e8 necessario scaricare nessun software e non ci sono costi di installazione n\u00e9 di esercizio. Questa soluzione offre la possibilit\u00e0 di selezionare e posizionare gli impianti senza distorsioni di proiezione.  Disponibile in francese, il nostro software di pianificazione ha un&#039;interfaccia di aiuto integrata, facile da usare, reattiva e multipiattaforma.  Il sistema funziona con PC o Mac e dispone della radiografia del paziente con indicatore di dimensione.\" \/>\n<meta property=\"og:url\" content=\"https:\/\/www.serf.fr\/it\/professionale\/anca\/pianificazione\/\" \/>\n<meta property=\"og:site_name\" content=\"SERF\" \/>\n<meta property=\"article:modified_time\" content=\"2021-02-22T22:20:59+00:00\" \/>\n<meta property=\"og:image\" content=\"https:\/\/www.serf.fr\/wp-content\/uploads\/planification.jpg\" \/>\n\t<meta property=\"og:image:width\" content=\"990\" \/>\n\t<meta property=\"og:image:height\" content=\"1024\" \/>\n\t<meta property=\"og:image:type\" content=\"image\/jpeg\" \/>\n<meta name=\"twitter:card\" content=\"summary_large_image\" \/>\n<script type=\"application\/ld+json\" class=\"yoast-schema-graph\">{\"@context\":\"https:\\\/\\\/schema.org\",\"@graph\":[{\"@type\":\"WebPage\",\"@id\":\"https:\\\/\\\/www.serf.fr\\\/it\\\/professionale\\\/anca\\\/pianificazione\\\/\",\"url\":\"https:\\\/\\\/www.serf.fr\\\/it\\\/professionale\\\/anca\\\/pianificazione\\\/\",\"name\":\"Software di pianificazione SERF &#8226; SERF\",\"isPartOf\":{\"@id\":\"https:\\\/\\\/www.serf.fr\\\/it\\\/#website\"},\"primaryImageOfPage\":{\"@id\":\"https:\\\/\\\/www.serf.fr\\\/it\\\/professionale\\\/anca\\\/pianificazione\\\/#primaryimage\"},\"image\":{\"@id\":\"https:\\\/\\\/www.serf.fr\\\/it\\\/professionale\\\/anca\\\/pianificazione\\\/#primaryimage\"},\"thumbnailUrl\":\"https:\\\/\\\/www.serf.fr\\\/wp-content\\\/uploads\\\/planification.jpg\",\"datePublished\":\"2019-09-27T08:36:52+00:00\",\"dateModified\":\"2021-02-22T22:20:59+00:00\",\"breadcrumb\":{\"@id\":\"https:\\\/\\\/www.serf.fr\\\/it\\\/professionale\\\/anca\\\/pianificazione\\\/#breadcrumb\"},\"inLanguage\":\"it-IT\",\"potentialAction\":[{\"@type\":\"ReadAction\",\"target\":[\"https:\\\/\\\/www.serf.fr\\\/it\\\/professionale\\\/anca\\\/pianificazione\\\/\"]}]},{\"@type\":\"ImageObject\",\"inLanguage\":\"it-IT\",\"@id\":\"https:\\\/\\\/www.serf.fr\\\/it\\\/professionale\\\/anca\\\/pianificazione\\\/#primaryimage\",\"url\":\"https:\\\/\\\/www.serf.fr\\\/wp-content\\\/uploads\\\/planification.jpg\",\"contentUrl\":\"https:\\\/\\\/www.serf.fr\\\/wp-content\\\/uploads\\\/planification.jpg\",\"width\":990,\"height\":1024},{\"@type\":\"BreadcrumbList\",\"@id\":\"https:\\\/\\\/www.serf.fr\\\/it\\\/professionale\\\/anca\\\/pianificazione\\\/#breadcrumb\",\"itemListElement\":[{\"@type\":\"ListItem\",\"position\":1,\"name\":\"Home\",\"item\":\"https:\\\/\\\/www.serf.fr\\\/it\\\/\"},{\"@type\":\"ListItem\",\"position\":2,\"name\":\"Boutique\",\"item\":\"https:\\\/\\\/www.serf.fr\\\/?page_id=4\"},{\"@type\":\"ListItem\",\"position\":3,\"name\":\"Software di pianificazione SERF\"}]},{\"@type\":\"WebSite\",\"@id\":\"https:\\\/\\\/www.serf.fr\\\/it\\\/#website\",\"url\":\"https:\\\/\\\/www.serf.fr\\\/it\\\/\",\"name\":\"SERF\",\"description\":\"\",\"potentialAction\":[{\"@type\":\"SearchAction\",\"target\":{\"@type\":\"EntryPoint\",\"urlTemplate\":\"https:\\\/\\\/www.serf.fr\\\/it\\\/?s={search_term_string}\"},\"query-input\":{\"@type\":\"PropertyValueSpecification\",\"valueRequired\":true,\"valueName\":\"search_term_string\"}}],\"inLanguage\":\"it-IT\"}]}<\/script>\n<!-- \/ Yoast SEO plugin. -->","yoast_head_json":{"title":"Software di pianificazione SERF &#8226; SERF","robots":{"index":"index","follow":"follow","max-snippet":"max-snippet:-1","max-image-preview":"max-image-preview:large","max-video-preview":"max-video-preview:-1"},"canonical":"https:\/\/www.serf.fr\/it\/professionale\/anca\/pianificazione\/","og_locale":"it_IT","og_type":"article","og_title":"Software di pianificazione SERF &#8226; SERF","og_description":"SERF propone un sistema di pianificazione 2D accessibile tramite una piattaforma web. Per poter pianificare la propria PTH SERF non \u00e8 necessario scaricare nessun software e non ci sono costi di installazione n\u00e9 di esercizio. Questa soluzione offre la possibilit\u00e0 di selezionare e posizionare gli impianti senza distorsioni di proiezione.  Disponibile in francese, il nostro software di pianificazione ha un'interfaccia di aiuto integrata, facile da usare, reattiva e multipiattaforma.  Il sistema funziona con PC o Mac e dispone della radiografia del paziente con indicatore di dimensione.","og_url":"https:\/\/www.serf.fr\/it\/professionale\/anca\/pianificazione\/","og_site_name":"SERF","article_modified_time":"2021-02-22T22:20:59+00:00","og_image":[{"width":990,"height":1024,"url":"https:\/\/www.serf.fr\/wp-content\/uploads\/planification.jpg","type":"image\/jpeg"}],"twitter_card":"summary_large_image","schema":{"@context":"https:\/\/schema.org","@graph":[{"@type":"WebPage","@id":"https:\/\/www.serf.fr\/it\/professionale\/anca\/pianificazione\/","url":"https:\/\/www.serf.fr\/it\/professionale\/anca\/pianificazione\/","name":"Software di pianificazione SERF &#8226; SERF","isPartOf":{"@id":"https:\/\/www.serf.fr\/it\/#website"},"primaryImageOfPage":{"@id":"https:\/\/www.serf.fr\/it\/professionale\/anca\/pianificazione\/#primaryimage"},"image":{"@id":"https:\/\/www.serf.fr\/it\/professionale\/anca\/pianificazione\/#primaryimage"},"thumbnailUrl":"https:\/\/www.serf.fr\/wp-content\/uploads\/planification.jpg","datePublished":"2019-09-27T08:36:52+00:00","dateModified":"2021-02-22T22:20:59+00:00","breadcrumb":{"@id":"https:\/\/www.serf.fr\/it\/professionale\/anca\/pianificazione\/#breadcrumb"},"inLanguage":"it-IT","potentialAction":[{"@type":"ReadAction","target":["https:\/\/www.serf.fr\/it\/professionale\/anca\/pianificazione\/"]}]},{"@type":"ImageObject","inLanguage":"it-IT","@id":"https:\/\/www.serf.fr\/it\/professionale\/anca\/pianificazione\/#primaryimage","url":"https:\/\/www.serf.fr\/wp-content\/uploads\/planification.jpg","contentUrl":"https:\/\/www.serf.fr\/wp-content\/uploads\/planification.jpg","width":990,"height":1024},{"@type":"BreadcrumbList","@id":"https:\/\/www.serf.fr\/it\/professionale\/anca\/pianificazione\/#breadcrumb","itemListElement":[{"@type":"ListItem","position":1,"name":"Home","item":"https:\/\/www.serf.fr\/it\/"},{"@type":"ListItem","position":2,"name":"Boutique","item":"https:\/\/www.serf.fr\/?page_id=4"},{"@type":"ListItem","position":3,"name":"Software di pianificazione SERF"}]},{"@type":"WebSite","@id":"https:\/\/www.serf.fr\/it\/#website","url":"https:\/\/www.serf.fr\/it\/","name":"SERF","description":"","potentialAction":[{"@type":"SearchAction","target":{"@type":"EntryPoint","urlTemplate":"https:\/\/www.serf.fr\/it\/?s={search_term_string}"},"query-input":{"@type":"PropertyValueSpecification","valueRequired":true,"valueName":"search_term_string"}}],"inLanguage":"it-IT"}]}},"jetpack_sharing_enabled":true,"_links":{"self":[{"href":"https:\/\/www.serf.fr\/it\/wp-json\/wp\/v2\/product\/3115","targetHints":{"allow":["GET"]}}],"collection":[{"href":"https:\/\/www.serf.fr\/it\/wp-json\/wp\/v2\/product"}],"about":[{"href":"https:\/\/www.serf.fr\/it\/wp-json\/wp\/v2\/types\/product"}],"wp:featuredmedia":[{"embeddable":true,"href":"https:\/\/www.serf.fr\/it\/wp-json\/wp\/v2\/media\/3119"}],"wp:attachment":[{"href":"https:\/\/www.serf.fr\/it\/wp-json\/wp\/v2\/media?parent=3115"}],"wp:term":[{"taxonomy":"product_brand","embeddable":true,"href":"https:\/\/www.serf.fr\/it\/wp-json\/wp\/v2\/product_brand?post=3115"},{"taxonomy":"product_cat","embeddable":true,"href":"https:\/\/www.serf.fr\/it\/wp-json\/wp\/v2\/product_cat?post=3115"},{"taxonomy":"product_tag","embeddable":true,"href":"https:\/\/www.serf.fr\/it\/wp-json\/wp\/v2\/product_tag?post=3115"}],"curies":[{"name":"wp","href":"https:\/\/api.w.org\/{rel}","templated":true}]}}