
{"id":6135,"date":"2021-12-09T09:56:27","date_gmt":"2022-03-14T09:40:22","guid":{"rendered":"https:\/\/www.serf.fr\/professionnel\/senza-categoria\/ptg-madison\/"},"modified":"2022-09-16T14:55:04","modified_gmt":"2022-09-16T12:55:04","slug":"ptg-madison-2","status":"publish","type":"product","link":"https:\/\/www.serf.fr\/it\/professionale\/ginocchio\/ptg-madison-2\/","title":{"rendered":"<i>PTG<\/i> MADISON"},"content":{"rendered":"","protected":false},"excerpt":{"rendered":"<p><b>La protesi MADISON<\/b> \u00e8 un <b>protesi totale del ginocchio di prima chirurgia<\/b> di progettazione<b>francese<\/b>, disponibile in <b>2 versioni<\/b> e <b>4 modelli<\/b>.<\/p>\n<p>Le 2 versioni proposte sono :<\/p>\n<ul>\n<li>Versione postero-stabilizzata (PS)<\/li>\n<li>Versione ultracongruente (UC)<\/li>\n<\/ul>\n<p>Ciascuna versione pu\u00f2 avere un <b>inserto fisso<\/b> al piatto tibiale o un <b>inserto mobile in rotazione.<\/b><\/p>\n<p>La <b>protesi MADISON<\/b> offre quindi la possibilit\u00e0 di una PTG :<\/p>\n<ul>\n<li>Postero-stabilizzata con inserto fisso<\/li>\n<li>Postero-stabilizzata con inserto mobile<\/li>\n<li>Ultracongruente con inserto fisso<\/li>\n<li>Ultracongruente con inserto mobile<\/li>\n<\/ul>\n<p>Una caratteristica particolare consiste nella possibilit\u00e0 di assemblare<b>un unico inserto<\/b> (PS o UC) ad un piatto tibiale <b>fisso<\/b><b>E<\/b> ad un piatto <b>mobile<\/b>.<\/p>\n<p>La <b>protesi MADISON consente 3 diverse tecniche di posa<\/b> :<\/p>\n<ul>\n<li>Tecnica di posa convenzionale ;<\/li>\n<li>Tecnica di posa utilizzando la realt\u00e0 aumentata ;<\/li>\n<li>Tecnica di posa utilizzando strumenti su misura.<\/li>\n<\/ul>\n<p><i>La protesi MADISON \u00e8 prodotta dalla societ\u00e0 IMPLANET. SERF ne assicura la distribuzione. <\/i><\/p>\n","protected":false},"featured_media":5777,"template":"","meta":{"_acf_changed":false,"inline_featured_image":false},"product_brand":[],"product_cat":[56],"product_tag":[],"class_list":{"0":"post-6135","1":"product","2":"type-product","3":"status-publish","4":"has-post-thumbnail","5":"product_cat-ginocchio","7":"first","8":"instock","9":"shipping-taxable","10":"product-type-simple"},"acf":[],"yoast_head":"<!-- This site is optimized with the Yoast SEO plugin v27.5 - https:\/\/yoast.com\/product\/yoast-seo-wordpress\/ -->\n<title>PTG MADISON &#8226; SERF<\/title>\n<meta name=\"robots\" content=\"index, follow, max-snippet:-1, max-image-preview:large, max-video-preview:-1\" \/>\n<link rel=\"canonical\" href=\"https:\/\/www.serf.fr\/it\/professionale\/ginocchio\/ptg-madison-2\/\" \/>\n<meta property=\"og:locale\" content=\"it_IT\" \/>\n<meta property=\"og:type\" content=\"article\" \/>\n<meta property=\"og:title\" content=\"PTG MADISON &#8226; SERF\" \/>\n<meta property=\"og:description\" content=\"La protesi MADISON \u00e8 un protesi totale del ginocchio di prima chirurgia di progettazionefrancese, disponibile in 2 versioni e 4 modelli.  Le 2 versioni proposte sono :   Versione postero-stabilizzata (PS)  Versione ultracongruente (UC)  Ciascuna versione pu\u00f2 avere un inserto fisso al piatto tibiale o un inserto mobile in rotazione.  La protesi MADISON offre quindi la possibilit\u00e0 di una PTG :   Postero-stabilizzata con inserto fisso  Postero-stabilizzata con inserto mobile  Ultracongruente con inserto fisso  Ultracongruente con inserto mobile  Una caratteristica particolare consiste nella possibilit\u00e0 di assemblareun unico inserto (PS o UC) ad un piatto tibiale fissoE ad un piatto mobile.  La protesi MADISON consente 3 diverse tecniche di posa :   Tecnica di posa convenzionale ;  Tecnica di posa utilizzando la realt\u00e0 aumentata ;  Tecnica di posa utilizzando strumenti su misura.  La protesi MADISON \u00e8 prodotta dalla societ\u00e0 IMPLANET. SERF ne assicura la distribuzione.\" \/>\n<meta property=\"og:url\" content=\"https:\/\/www.serf.fr\/it\/professionale\/ginocchio\/ptg-madison-2\/\" \/>\n<meta property=\"og:site_name\" content=\"SERF\" \/>\n<meta property=\"article:modified_time\" content=\"2022-09-16T12:55:04+00:00\" \/>\n<meta property=\"og:image\" content=\"https:\/\/www.serf.fr\/wp-content\/uploads\/PTG-MADISON\u00ae.jpg-.jpg\" \/>\n\t<meta property=\"og:image:width\" content=\"2560\" \/>\n\t<meta property=\"og:image:height\" content=\"2474\" \/>\n\t<meta property=\"og:image:type\" content=\"image\/jpeg\" \/>\n<meta name=\"twitter:card\" content=\"summary_large_image\" \/>\n<script type=\"application\/ld+json\" class=\"yoast-schema-graph\">{\"@context\":\"https:\\\/\\\/schema.org\",\"@graph\":[{\"@type\":\"WebPage\",\"@id\":\"https:\\\/\\\/www.serf.fr\\\/it\\\/professionale\\\/ginocchio\\\/ptg-madison-2\\\/\",\"url\":\"https:\\\/\\\/www.serf.fr\\\/it\\\/professionale\\\/ginocchio\\\/ptg-madison-2\\\/\",\"name\":\"PTG MADISON &#8226; SERF\",\"isPartOf\":{\"@id\":\"https:\\\/\\\/www.serf.fr\\\/it\\\/#website\"},\"primaryImageOfPage\":{\"@id\":\"https:\\\/\\\/www.serf.fr\\\/it\\\/professionale\\\/ginocchio\\\/ptg-madison-2\\\/#primaryimage\"},\"image\":{\"@id\":\"https:\\\/\\\/www.serf.fr\\\/it\\\/professionale\\\/ginocchio\\\/ptg-madison-2\\\/#primaryimage\"},\"thumbnailUrl\":\"https:\\\/\\\/www.serf.fr\\\/wp-content\\\/uploads\\\/PTG-MADISON\u00ae.jpg-.jpg\",\"datePublished\":\"2022-03-14T09:40:22+00:00\",\"dateModified\":\"2022-09-16T12:55:04+00:00\",\"breadcrumb\":{\"@id\":\"https:\\\/\\\/www.serf.fr\\\/it\\\/professionale\\\/ginocchio\\\/ptg-madison-2\\\/#breadcrumb\"},\"inLanguage\":\"it-IT\",\"potentialAction\":[{\"@type\":\"ReadAction\",\"target\":[\"https:\\\/\\\/www.serf.fr\\\/it\\\/professionale\\\/ginocchio\\\/ptg-madison-2\\\/\"]}]},{\"@type\":\"ImageObject\",\"inLanguage\":\"it-IT\",\"@id\":\"https:\\\/\\\/www.serf.fr\\\/it\\\/professionale\\\/ginocchio\\\/ptg-madison-2\\\/#primaryimage\",\"url\":\"https:\\\/\\\/www.serf.fr\\\/wp-content\\\/uploads\\\/PTG-MADISON\u00ae.jpg-.jpg\",\"contentUrl\":\"https:\\\/\\\/www.serf.fr\\\/wp-content\\\/uploads\\\/PTG-MADISON\u00ae.jpg-.jpg\",\"width\":2560,\"height\":2474,\"caption\":\"PTG-MADISON\u00ae\"},{\"@type\":\"BreadcrumbList\",\"@id\":\"https:\\\/\\\/www.serf.fr\\\/it\\\/professionale\\\/ginocchio\\\/ptg-madison-2\\\/#breadcrumb\",\"itemListElement\":[{\"@type\":\"ListItem\",\"position\":1,\"name\":\"Home\",\"item\":\"https:\\\/\\\/www.serf.fr\\\/it\\\/\"},{\"@type\":\"ListItem\",\"position\":2,\"name\":\"Boutique\",\"item\":\"https:\\\/\\\/www.serf.fr\\\/?page_id=4\"},{\"@type\":\"ListItem\",\"position\":3,\"name\":\"PTG MADISON\"}]},{\"@type\":\"WebSite\",\"@id\":\"https:\\\/\\\/www.serf.fr\\\/it\\\/#website\",\"url\":\"https:\\\/\\\/www.serf.fr\\\/it\\\/\",\"name\":\"SERF\",\"description\":\"\",\"potentialAction\":[{\"@type\":\"SearchAction\",\"target\":{\"@type\":\"EntryPoint\",\"urlTemplate\":\"https:\\\/\\\/www.serf.fr\\\/it\\\/?s={search_term_string}\"},\"query-input\":{\"@type\":\"PropertyValueSpecification\",\"valueRequired\":true,\"valueName\":\"search_term_string\"}}],\"inLanguage\":\"it-IT\"}]}<\/script>\n<!-- \/ Yoast SEO plugin. -->","yoast_head_json":{"title":"PTG MADISON &#8226; SERF","robots":{"index":"index","follow":"follow","max-snippet":"max-snippet:-1","max-image-preview":"max-image-preview:large","max-video-preview":"max-video-preview:-1"},"canonical":"https:\/\/www.serf.fr\/it\/professionale\/ginocchio\/ptg-madison-2\/","og_locale":"it_IT","og_type":"article","og_title":"PTG MADISON &#8226; SERF","og_description":"La protesi MADISON \u00e8 un protesi totale del ginocchio di prima chirurgia di progettazionefrancese, disponibile in 2 versioni e 4 modelli.  Le 2 versioni proposte sono :   Versione postero-stabilizzata (PS)  Versione ultracongruente (UC)  Ciascuna versione pu\u00f2 avere un inserto fisso al piatto tibiale o un inserto mobile in rotazione.  La protesi MADISON offre quindi la possibilit\u00e0 di una PTG :   Postero-stabilizzata con inserto fisso  Postero-stabilizzata con inserto mobile  Ultracongruente con inserto fisso  Ultracongruente con inserto mobile  Una caratteristica particolare consiste nella possibilit\u00e0 di assemblareun unico inserto (PS o UC) ad un piatto tibiale fissoE ad un piatto mobile.  La protesi MADISON consente 3 diverse tecniche di posa :   Tecnica di posa convenzionale ;  Tecnica di posa utilizzando la realt\u00e0 aumentata ;  Tecnica di posa utilizzando strumenti su misura.  La protesi MADISON \u00e8 prodotta dalla societ\u00e0 IMPLANET. SERF ne assicura la distribuzione.","og_url":"https:\/\/www.serf.fr\/it\/professionale\/ginocchio\/ptg-madison-2\/","og_site_name":"SERF","article_modified_time":"2022-09-16T12:55:04+00:00","og_image":[{"width":2560,"height":2474,"url":"https:\/\/www.serf.fr\/wp-content\/uploads\/PTG-MADISON\u00ae.jpg-.jpg","type":"image\/jpeg"}],"twitter_card":"summary_large_image","schema":{"@context":"https:\/\/schema.org","@graph":[{"@type":"WebPage","@id":"https:\/\/www.serf.fr\/it\/professionale\/ginocchio\/ptg-madison-2\/","url":"https:\/\/www.serf.fr\/it\/professionale\/ginocchio\/ptg-madison-2\/","name":"PTG MADISON &#8226; SERF","isPartOf":{"@id":"https:\/\/www.serf.fr\/it\/#website"},"primaryImageOfPage":{"@id":"https:\/\/www.serf.fr\/it\/professionale\/ginocchio\/ptg-madison-2\/#primaryimage"},"image":{"@id":"https:\/\/www.serf.fr\/it\/professionale\/ginocchio\/ptg-madison-2\/#primaryimage"},"thumbnailUrl":"https:\/\/www.serf.fr\/wp-content\/uploads\/PTG-MADISON\u00ae.jpg-.jpg","datePublished":"2022-03-14T09:40:22+00:00","dateModified":"2022-09-16T12:55:04+00:00","breadcrumb":{"@id":"https:\/\/www.serf.fr\/it\/professionale\/ginocchio\/ptg-madison-2\/#breadcrumb"},"inLanguage":"it-IT","potentialAction":[{"@type":"ReadAction","target":["https:\/\/www.serf.fr\/it\/professionale\/ginocchio\/ptg-madison-2\/"]}]},{"@type":"ImageObject","inLanguage":"it-IT","@id":"https:\/\/www.serf.fr\/it\/professionale\/ginocchio\/ptg-madison-2\/#primaryimage","url":"https:\/\/www.serf.fr\/wp-content\/uploads\/PTG-MADISON\u00ae.jpg-.jpg","contentUrl":"https:\/\/www.serf.fr\/wp-content\/uploads\/PTG-MADISON\u00ae.jpg-.jpg","width":2560,"height":2474,"caption":"PTG-MADISON\u00ae"},{"@type":"BreadcrumbList","@id":"https:\/\/www.serf.fr\/it\/professionale\/ginocchio\/ptg-madison-2\/#breadcrumb","itemListElement":[{"@type":"ListItem","position":1,"name":"Home","item":"https:\/\/www.serf.fr\/it\/"},{"@type":"ListItem","position":2,"name":"Boutique","item":"https:\/\/www.serf.fr\/?page_id=4"},{"@type":"ListItem","position":3,"name":"PTG MADISON"}]},{"@type":"WebSite","@id":"https:\/\/www.serf.fr\/it\/#website","url":"https:\/\/www.serf.fr\/it\/","name":"SERF","description":"","potentialAction":[{"@type":"SearchAction","target":{"@type":"EntryPoint","urlTemplate":"https:\/\/www.serf.fr\/it\/?s={search_term_string}"},"query-input":{"@type":"PropertyValueSpecification","valueRequired":true,"valueName":"search_term_string"}}],"inLanguage":"it-IT"}]}},"jetpack_sharing_enabled":true,"_links":{"self":[{"href":"https:\/\/www.serf.fr\/it\/wp-json\/wp\/v2\/product\/6135","targetHints":{"allow":["GET"]}}],"collection":[{"href":"https:\/\/www.serf.fr\/it\/wp-json\/wp\/v2\/product"}],"about":[{"href":"https:\/\/www.serf.fr\/it\/wp-json\/wp\/v2\/types\/product"}],"wp:featuredmedia":[{"embeddable":true,"href":"https:\/\/www.serf.fr\/it\/wp-json\/wp\/v2\/media\/5777"}],"wp:attachment":[{"href":"https:\/\/www.serf.fr\/it\/wp-json\/wp\/v2\/media?parent=6135"}],"wp:term":[{"taxonomy":"product_brand","embeddable":true,"href":"https:\/\/www.serf.fr\/it\/wp-json\/wp\/v2\/product_brand?post=6135"},{"taxonomy":"product_cat","embeddable":true,"href":"https:\/\/www.serf.fr\/it\/wp-json\/wp\/v2\/product_cat?post=6135"},{"taxonomy":"product_tag","embeddable":true,"href":"https:\/\/www.serf.fr\/it\/wp-json\/wp\/v2\/product_tag?post=6135"}],"curies":[{"name":"wp","href":"https:\/\/api.w.org\/{rel}","templated":true}]}}